{"id":2568,"date":"2020-09-16T13:32:51","date_gmt":"2020-09-16T10:32:51","guid":{"rendered":"https:\/\/www.perathai.com.tr\/?page_id=2568"},"modified":"2020-10-22T16:10:09","modified_gmt":"2020-10-22T13:10:09","slug":"odeme-ve-teslimat","status":"publish","type":"page","link":"https:\/\/www.perathai.com.tr\/en\/odeme-ve-teslimat\/","title":{"rendered":"\u00d6deme ve Teslimat"},"content":{"rendered":"<div>\r\n<div>\u00d6deme ve Teslimat<\/div>\r\n<div>\u00a0<\/div>\r\n<div>1) Kredi Kart\u0131 ve Banka Havalesi veya EFT (Elektronik Fon Transferi) yaparak Ziraat hesab\u0131m\u0131za (TL) herhangi birine yapabilirsiniz<\/div>\r\n<div>\u00a0<\/div>\r\n<div>2) Sitemiz \u00fczerinden kredi kartlar\u0131n\u0131z ile Her t\u00fcrl\u00fc kredi kart\u0131n\u0131za online tek \u00f6deme ya da online taksit imk\u00e2nlar\u0131m\u0131zdan yararlanabilirsiniz. Online \u00f6demelerinizde sipari\u015finiz sonunda kredi kart\u0131n\u0131zdan tutar \u00e7ekim i\u015flemi ger\u00e7ekle\u015fecektir. Muhtemel sipari\u015f iptali veya stok sorunlar\u0131 nedeniyle sipari\u015f iptallerinde kredi kart\u0131n\u0131za para iadesi 21 i\u015f g\u00fcn\u00fc i\u00e7erisinde yap\u0131lacakt\u0131r.<\/div>\r\n<div>\u00a0<\/div>\r\n<div>3) Sipari\u015f Bedeli \u0130adesi<\/div>\r\n<div>Sipari\u015flerinizin olas\u0131 sebeplerle iptali durumunda; Pera Thai \u015eirketine \u00fc\u00e7 i\u015f g\u00fcn\u00fc i\u00e7erisinde \u00fcr\u00fcn bedelini hesab\u0131n\u0131za ve\/veya kredi kart\u0131n\u0131za iade eder. Ancak, banka hesap bilgilerinizi ve\/veya kredi kart\u0131 bilgilerinizi do\u011fru ve eksiksiz olarak \u015firketimiz finans yetkililerine bildirmeniz gerekmektedir.<\/div>\r\n<div>\u00a0<\/div>\r\n<div>4) Teslimat<\/div>\r\n<div>Sipari\u015f etmi\u015f oldu\u011funuz \u00fcr\u00fcnleri ayn\u0131 g\u00fcn kargoya teslim etmeye gayret ediyoruz. Temini zaman alan \u00fcr\u00fcnler i\u00e7in kargo teslim s\u00fcresi \u00fcr\u00fcn detay\u0131nda belirtildi\u011fi gibi 3 i\u015f g\u00fcn\u00fcd\u00fcr. Gecikmesi muhtemel teslimat durumunda size bilgi verilecektir.<\/div>\r\n<div>\u00dcr\u00fcn teslimat\u0131n\u0131n aksamadan ger\u00e7ekle\u015ftirilebilmesi i\u00e7in l\u00fctfen g\u00fcn i\u00e7inde bulundu\u011funuz yerin adresini teslimat adresi olarak bildiriniz.<\/div>\r\n<div>Talepleriniz sipari\u015f sonunda belirlemi\u015f oldu\u011funuz teslimat tipine g\u00f6re haz\u0131rlanmak \u00fczere i\u015fleme al\u0131nacakt\u0131r.<\/div>\r\n<div>M\u00fc\u015fteri temsilcimize dan\u0131\u015farak de\u011fi\u015fik teslimat \u015fartlar\u0131 konusunda g\u00f6r\u00fc\u015febilirsiniz. Alm\u0131\u015f oldu\u011funuz \u00fcr\u00fcnler sadece <strong>Be\u015fikta\u015f, Beyo\u011flu, Fatih, Ni\u015fanta\u015f\u0131, Levent ve Etiler<\/strong>\u00a0b\u00f6lgelerine g\u00f6nderilmektedir.<\/div>\r\n<div>\u00a0<\/div>\r\n<div>5) \u00d6deme Takibi<\/div>\r\n<div>S\u00f6z konusu sistem herhangi bir sorun nedeni ile i\u015flemi ger\u00e7ekle\u015ftiremiyorsa \u00f6deme sayfas\u0131 sonucunda ziyaret\u00e7imiz bu durumdan haberdar edilmektedir.<\/div>\r\n<div>Belirtilen adreste herhangi bir hata durumunda teslimat\u0131 ger\u00e7ekle\u015femeyen sipari\u015f ile ilgili olarak sipari\u015fi veren ile ba\u011flant\u0131 kurulmaktad\u0131r.<\/div>\r\n<div>Ziyaret\u00e7imiz taraf\u0131ndan belirtilen e-posta adresinin ge\u00e7erlili\u011fi sipari\u015fin aktar\u0131lmas\u0131n\u0131 takiben g\u00f6nderilen otomatik e-posta ile teyit edilmektedir.<\/div>\r\n<div>Teslimat\u0131n ger\u00e7ekle\u015fmesi konusunda m\u00fc\u015fteri kadar kredi kart\u0131 sistemini kulland\u0131\u011f\u0131m\u0131z bankaya kar\u015f\u0131 da sorumlulu\u011fumuz s\u00f6z konusudur.<\/div>\r\n<div>\u00a0<\/div>\r\n<div>L\u00fctfen dikkat ediniz!<\/div>\r\n<div>Sevkiyat s\u0131ras\u0131nda zarar g\u00f6rd\u00fc\u011f\u00fcn\u00fc d\u00fc\u015f\u00fcnd\u00fc\u011f\u00fcn\u00fcz paketleri, teslim ald\u0131\u011f\u0131n\u0131z firma yetkilisi \u00f6n\u00fcnde a\u00e7\u0131p kontrol ediniz.\u00a0<\/div>\r\n<div>\u00dcr\u00fcn teslim al\u0131nd\u0131ktan sonra kuryenin g\u00f6revini tam olarak yerine getirdi\u011fi kabul edilmektedir.<\/div>\r\n<div>\u00dcr\u00fcn hasarl\u0131 ise: Haz\u0131rlam\u0131\u015f oldu\u011funuz tutana\u011f\u0131 en k\u0131sa zamanda info@perathai.com.tr mail adresine bildiriniz.<\/div>\r\n<div>Bu i\u015flemleri ger\u00e7ekle\u015ftirdi\u011finiz takdirde paketinizle ilgili \u00e7al\u0131\u015fmalara ba\u015flayarak, en k\u0131sa zamanda teslimat\u0131n tekrarlanmas\u0131n\u0131 sa\u011flayaca\u011f\u0131z.<\/div>\r\n<div>Bu e-posta i\u00e7inde \u00fcr\u00fcn\u00fc neden iade etmek istedi\u011finizi k\u0131saca a\u00e7\u0131klarsan\u0131z \u00fcr\u00fcn ile ilgili \u00e7al\u0131\u015fmalar\u0131m\u0131zda bize yard\u0131mc\u0131 olmu\u015f olursunuz.<\/div>\r\n<\/div>","protected":false},"excerpt":{"rendered":"<p>\u00d6deme ve Teslimat \u00a0 1) Kredi Kart\u0131 ve Banka Havalesi veya EFT (Elektronik Fon Transferi) yaparak Ziraat hesab\u0131m\u0131za (TL) herhangi birine yapabilirsiniz \u00a0 2) Sitemiz \u00fczerinden kredi kartlar\u0131n\u0131z ile Her&#8230;<\/p>","protected":false},"author":1,"featured_media":0,"parent":0,"menu_order":0,"comment_status":"closed","ping_status":"closed","template":"","meta":[],"yoast_head":"<!-- This site is optimized with the Yoast SEO plugin v20.4 - https:\/\/yoast.com\/wordpress\/plugins\/seo\/ -->\n<title>\u00d6deme ve Teslimat - Pera Thai<\/title>\n<meta name=\"robots\" content=\"index, follow, max-snippet:-1, max-image-preview:large, max-video-preview:-1\" \/>\n<link rel=\"canonical\" href=\"https:\/\/www.perathai.com.tr\/en\/odeme-ve-teslimat\/\" \/>\n<meta property=\"og:locale\" content=\"en_US\" \/>\n<meta property=\"og:type\" content=\"article\" \/>\n<meta property=\"og:title\" content=\"\u00d6deme ve Teslimat - Pera Thai\" \/>\n<meta property=\"og:description\" content=\"\u00d6deme ve Teslimat \u00a0 1) Kredi Kart\u0131 ve Banka Havalesi veya EFT (Elektronik Fon Transferi) yaparak Ziraat hesab\u0131m\u0131za (TL) herhangi birine yapabilirsiniz \u00a0 2) Sitemiz \u00fczerinden kredi kartlar\u0131n\u0131z ile Her...\" \/>\n<meta property=\"og:url\" content=\"https:\/\/www.perathai.com.tr\/en\/odeme-ve-teslimat\/\" \/>\n<meta property=\"og:site_name\" content=\"Pera Thai\" \/>\n<meta property=\"article:publisher\" content=\"https:\/\/www.facebook.com\/PeraThai\/\" \/>\n<meta property=\"article:modified_time\" content=\"2020-10-22T13:10:09+00:00\" \/>\n<meta name=\"twitter:card\" content=\"summary_large_image\" \/>\n<meta name=\"twitter:label1\" content=\"Est. reading time\" \/>\n\t<meta name=\"twitter:data1\" content=\"2 minutes\" \/>\n<script type=\"application\/ld+json\" class=\"yoast-schema-graph\">{\"@context\":\"https:\/\/schema.org\",\"@graph\":[{\"@type\":\"WebPage\",\"@id\":\"https:\/\/www.perathai.com.tr\/odeme-ve-teslimat\/\",\"url\":\"https:\/\/www.perathai.com.tr\/odeme-ve-teslimat\/\",\"name\":\"\u00d6deme ve Teslimat - Pera Thai\",\"isPartOf\":{\"@id\":\"https:\/\/www.perathai.com.tr\/#website\"},\"datePublished\":\"2020-09-16T10:32:51+00:00\",\"dateModified\":\"2020-10-22T13:10:09+00:00\",\"breadcrumb\":{\"@id\":\"https:\/\/www.perathai.com.tr\/odeme-ve-teslimat\/#breadcrumb\"},\"inLanguage\":\"en-US\",\"potentialAction\":[{\"@type\":\"ReadAction\",\"target\":[\"https:\/\/www.perathai.com.tr\/odeme-ve-teslimat\/\"]}]},{\"@type\":\"BreadcrumbList\",\"@id\":\"https:\/\/www.perathai.com.tr\/odeme-ve-teslimat\/#breadcrumb\",\"itemListElement\":[{\"@type\":\"ListItem\",\"position\":1,\"name\":\"Ana sayfa\",\"item\":\"https:\/\/www.perathai.com.tr\/\"},{\"@type\":\"ListItem\",\"position\":2,\"name\":\"\u00d6deme ve Teslimat\"}]},{\"@type\":\"WebSite\",\"@id\":\"https:\/\/www.perathai.com.tr\/#website\",\"url\":\"https:\/\/www.perathai.com.tr\/\",\"name\":\"Pera Thai\",\"description\":\"Kitchen of Bua Khao\",\"publisher\":{\"@id\":\"https:\/\/www.perathai.com.tr\/#organization\"},\"potentialAction\":[{\"@type\":\"SearchAction\",\"target\":{\"@type\":\"EntryPoint\",\"urlTemplate\":\"https:\/\/www.perathai.com.tr\/?s={search_term_string}\"},\"query-input\":\"required name=search_term_string\"}],\"inLanguage\":\"en-US\"},{\"@type\":\"Organization\",\"@id\":\"https:\/\/www.perathai.com.tr\/#organization\",\"name\":\"Pera Thai\",\"url\":\"https:\/\/www.perathai.com.tr\/\",\"logo\":{\"@type\":\"ImageObject\",\"inLanguage\":\"en-US\",\"@id\":\"https:\/\/www.perathai.com.tr\/#\/schema\/logo\/image\/\",\"url\":\"https:\/\/www.perathai.com.tr\/wp-content\/uploads\/2019\/06\/logoW-1.png\",\"contentUrl\":\"https:\/\/www.perathai.com.tr\/wp-content\/uploads\/2019\/06\/logoW-1.png\",\"width\":305,\"height\":78,\"caption\":\"Pera Thai\"},\"image\":{\"@id\":\"https:\/\/www.perathai.com.tr\/#\/schema\/logo\/image\/\"},\"sameAs\":[\"https:\/\/www.facebook.com\/PeraThai\/\",\"https:\/\/www.instagram.com\/pera_thai\/\"]}]}<\/script>\n<!-- \/ Yoast SEO plugin. -->","yoast_head_json":{"title":"\u00d6deme ve Teslimat - Pera Thai","robots":{"index":"index","follow":"follow","max-snippet":"max-snippet:-1","max-image-preview":"max-image-preview:large","max-video-preview":"max-video-preview:-1"},"canonical":"https:\/\/www.perathai.com.tr\/en\/odeme-ve-teslimat\/","og_locale":"en_US","og_type":"article","og_title":"\u00d6deme ve Teslimat - Pera Thai","og_description":"\u00d6deme ve Teslimat \u00a0 1) Kredi Kart\u0131 ve Banka Havalesi veya EFT (Elektronik Fon Transferi) yaparak Ziraat hesab\u0131m\u0131za (TL) herhangi birine yapabilirsiniz \u00a0 2) Sitemiz \u00fczerinden kredi kartlar\u0131n\u0131z ile Her...","og_url":"https:\/\/www.perathai.com.tr\/en\/odeme-ve-teslimat\/","og_site_name":"Pera Thai","article_publisher":"https:\/\/www.facebook.com\/PeraThai\/","article_modified_time":"2020-10-22T13:10:09+00:00","twitter_card":"summary_large_image","twitter_misc":{"Est. reading time":"2 minutes"},"schema":{"@context":"https:\/\/schema.org","@graph":[{"@type":"WebPage","@id":"https:\/\/www.perathai.com.tr\/odeme-ve-teslimat\/","url":"https:\/\/www.perathai.com.tr\/odeme-ve-teslimat\/","name":"\u00d6deme ve Teslimat - Pera Thai","isPartOf":{"@id":"https:\/\/www.perathai.com.tr\/#website"},"datePublished":"2020-09-16T10:32:51+00:00","dateModified":"2020-10-22T13:10:09+00:00","breadcrumb":{"@id":"https:\/\/www.perathai.com.tr\/odeme-ve-teslimat\/#breadcrumb"},"inLanguage":"en-US","potentialAction":[{"@type":"ReadAction","target":["https:\/\/www.perathai.com.tr\/odeme-ve-teslimat\/"]}]},{"@type":"BreadcrumbList","@id":"https:\/\/www.perathai.com.tr\/odeme-ve-teslimat\/#breadcrumb","itemListElement":[{"@type":"ListItem","position":1,"name":"Ana sayfa","item":"https:\/\/www.perathai.com.tr\/"},{"@type":"ListItem","position":2,"name":"\u00d6deme ve Teslimat"}]},{"@type":"WebSite","@id":"https:\/\/www.perathai.com.tr\/#website","url":"https:\/\/www.perathai.com.tr\/","name":"Pera Thai","description":"Kitchen of Bua Khao","publisher":{"@id":"https:\/\/www.perathai.com.tr\/#organization"},"potentialAction":[{"@type":"SearchAction","target":{"@type":"EntryPoint","urlTemplate":"https:\/\/www.perathai.com.tr\/?s={search_term_string}"},"query-input":"required name=search_term_string"}],"inLanguage":"en-US"},{"@type":"Organization","@id":"https:\/\/www.perathai.com.tr\/#organization","name":"Pera Thai","url":"https:\/\/www.perathai.com.tr\/","logo":{"@type":"ImageObject","inLanguage":"en-US","@id":"https:\/\/www.perathai.com.tr\/#\/schema\/logo\/image\/","url":"https:\/\/www.perathai.com.tr\/wp-content\/uploads\/2019\/06\/logoW-1.png","contentUrl":"https:\/\/www.perathai.com.tr\/wp-content\/uploads\/2019\/06\/logoW-1.png","width":305,"height":78,"caption":"Pera Thai"},"image":{"@id":"https:\/\/www.perathai.com.tr\/#\/schema\/logo\/image\/"},"sameAs":["https:\/\/www.facebook.com\/PeraThai\/","https:\/\/www.instagram.com\/pera_thai\/"]}]}},"_links":{"self":[{"href":"https:\/\/www.perathai.com.tr\/en\/wp-json\/wp\/v2\/pages\/2568"}],"collection":[{"href":"https:\/\/www.perathai.com.tr\/en\/wp-json\/wp\/v2\/pages"}],"about":[{"href":"https:\/\/www.perathai.com.tr\/en\/wp-json\/wp\/v2\/types\/page"}],"author":[{"embeddable":true,"href":"https:\/\/www.perathai.com.tr\/en\/wp-json\/wp\/v2\/users\/1"}],"replies":[{"embeddable":true,"href":"https:\/\/www.perathai.com.tr\/en\/wp-json\/wp\/v2\/comments?post=2568"}],"version-history":[{"count":2,"href":"https:\/\/www.perathai.com.tr\/en\/wp-json\/wp\/v2\/pages\/2568\/revisions"}],"predecessor-version":[{"id":2869,"href":"https:\/\/www.perathai.com.tr\/en\/wp-json\/wp\/v2\/pages\/2568\/revisions\/2869"}],"wp:attachment":[{"href":"https:\/\/www.perathai.com.tr\/en\/wp-json\/wp\/v2\/media?parent=2568"}],"curies":[{"name":"wp","href":"https:\/\/api.w.org\/{rel}","templated":true}]}}