{"id":34,"date":"2016-07-21T20:32:01","date_gmt":"2016-07-21T20:32:01","guid":{"rendered":"http:\/\/cristiano.ukrdevs.com\/?page_id=34"},"modified":"2025-01-31T17:09:06","modified_gmt":"2025-01-31T14:09:06","slug":"iletisim","status":"publish","type":"page","link":"https:\/\/www.perathai.com.tr\/en\/iletisim\/","title":{"rendered":"CONTACT"},"content":{"rendered":"<div class=\"vc_row wpb_row vc_row-fluid\"><div class=\"wpb_column vc_column_container vc_col-sm-12\"><div class=\"vc_column-inner\"><div class=\"wpb_wrapper\">\n\t<div class=\"wpb_text_column wpb_content_element\" >\n\t\t<div class=\"wpb_wrapper\">\n\t\t\t<p style=\"text-align: center;\"><div class=\"section-title v1\">\n\t\t\t<p class=\"subtitle color-pr-tx\">Bize Ula\u015f\u0131n<\/p>\n\t\t<h3 class=\"font-heading\"> \u0130LET\u0130\u015e\u0130M<\/h3>\t\t\n<\/div>\n\n\t\t<\/div>\n\t<\/div>\n<\/div><\/div><\/div><\/div><div class=\"vc_row wpb_row vc_row-fluid\"><div class=\"wpb_column vc_column_container vc_col-sm-6\"><div class=\"vc_column-inner\"><div class=\"wpb_wrapper\"><h4 style=\"text-align: center;font-family:Abril Fatface;font-weight:400;font-style:normal\" class=\"vc_custom_heading\" >TELEFON<\/h4>\n\t<div class=\"wpb_text_column wpb_content_element\" >\n\t\t<div class=\"wpb_wrapper\">\n\t\t\t<p style=\"text-align: center;\">\u0130stanbul: <a href=\"tel: 02122455725\">(0212) 245 57 25-26<\/a><br \/>\nBodrum: <a href=\"tel: 05558783361\">(0555) 878 33 61<\/a><\/p>\n\n\t\t<\/div>\n\t<\/div>\n<\/div><\/div><\/div><div class=\"wpb_column vc_column_container vc_col-sm-6\"><div class=\"vc_column-inner\"><div class=\"wpb_wrapper\"><h4 style=\"text-align: center;font-family:Abril Fatface;font-weight:400;font-style:normal\" class=\"vc_custom_heading\" >ADRES<\/h4>\n\t<div class=\"wpb_text_column wpb_content_element\" >\n\t\t<div class=\"wpb_wrapper\">\n\t\t\t<p style=\"text-align: center;\">\u0130stanbul: Me\u015frutiyet Cd. No:94\/A Beyo\u011flu \/\u0130STANBUL<br \/>\nBodrum: Dibeklihan K\u00fclt\u00fcr ve Sanat K\u00f6y\u00fc i\u00e7i, Cenap Tezer Cad. No:46, 48400 Bodrum \/ MU\u011eLA<\/p>\n\n\t\t<\/div>\n\t<\/div>\n<\/div><\/div><\/div><\/div><div data-vc-full-width=\"true\" data-vc-full-width-init=\"false\" data-vc-stretch-content=\"true\" class=\"vc_row wpb_row vc_row-fluid\"><div class=\"wpb_column vc_column_container vc_col-sm-12\"><div class=\"vc_column-inner\"><div class=\"wpb_wrapper\"><div class=\"vc_separator wpb_content_element vc_separator_align_center vc_sep_width_100 vc_sep_pos_align_center vc_sep_color_grey vc_separator-has-text\" ><span class=\"vc_sep_holder vc_sep_holder_l\"><span  class=\"vc_sep_line\"><\/span><\/span><h4>Pera Thai \u0130stanbul<\/h4><span class=\"vc_sep_holder vc_sep_holder_r\"><span  class=\"vc_sep_line\"><\/span><\/span>\n<\/div><div class=\"wpb_gmaps_widget wpb_content_element\"><div class=\"wpb_wrapper\"><div class=\"wpb_map_wraper\"><iframe src=\"https:\/\/www.google.com\/maps\/embed?pb=!1m18!1m12!1m3!1d3009.8622871857165!2d28.970681751197997!3d41.028268726041425!2m3!1f0!2f0!3f0!3m2!1i1024!2i768!4f13.1!3m3!1m2!1s0x14cab9e126bde597%3A0xea9e43e70f4f607d!2sPera+Thai!5e0!3m2!1str!2str!4v1556876203975!5m2!1str!2str\" width=\"100%\" height=\"450\" frameborder=\"0\" style=\"border:0\" allowfullscreen><\/iframe><\/div><\/div><\/div><\/div><\/div><\/div><\/div><div class=\"vc_row-full-width vc_clearfix\"><\/div><div data-vc-full-width=\"true\" data-vc-full-width-init=\"false\" data-vc-stretch-content=\"true\" class=\"vc_row wpb_row vc_row-fluid\"><div class=\"wpb_column vc_column_container vc_col-sm-12\"><div class=\"vc_column-inner\"><div class=\"wpb_wrapper\"><div class=\"vc_separator wpb_content_element vc_separator_align_center vc_sep_width_100 vc_sep_pos_align_center vc_sep_color_grey vc_separator-has-text\" ><span class=\"vc_sep_holder vc_sep_holder_l\"><span  class=\"vc_sep_line\"><\/span><\/span><h4>Pera Thai Bodrum<\/h4><span class=\"vc_sep_holder vc_sep_holder_r\"><span  class=\"vc_sep_line\"><\/span><\/span>\n<\/div><div class=\"wpb_gmaps_widget wpb_content_element\"><div class=\"wpb_wrapper\"><div class=\"wpb_map_wraper\"><iframe style=\"border: 0;\" src=\"https:\/\/www.google.com\/maps\/embed?pb=!1m18!1m12!1m3!1d473.24549719497963!2d27.329469543476122!3d37.06692996458601!2m3!1f0!2f0!3f0!3m2!1i1024!2i768!4f13.1!3m3!1m2!1s0x14be73bc77145e37%3A0x48c046d373d51702!2sPera%20Thai%20Bodrum!5e0!3m2!1str!2str!4v1718214360042!5m2!1str!2str\" width=\"100%\" height=\"450\" allowfullscreen=\"allowfullscreen\"><span data-mce-type=\"bookmark\" style=\"display: inline-block; width: 0px; overflow: hidden; line-height: 0;\" class=\"mce_SELRES_start\"><\/span><\/iframe><\/div><\/div><\/div><\/div><\/div><\/div><\/div><div class=\"vc_row-full-width vc_clearfix\"><\/div><div class=\"vc_row wpb_row vc_row-fluid\"><div class=\"wpb_column vc_column_container vc_col-sm-12\"><div class=\"vc_column-inner\"><div class=\"wpb_wrapper\"><div class=\"vc_separator wpb_content_element vc_separator_align_center vc_sep_width_100 vc_sep_shadow vc_sep_pos_align_center vc_sep_color_grey vc_separator-has-text\" ><span class=\"vc_sep_holder vc_sep_holder_l\"><span  class=\"vc_sep_line\"><\/span><\/span><h4>\u0130leti\u015fim Formu<\/h4><span class=\"vc_sep_holder vc_sep_holder_r\"><span  class=\"vc_sep_line\"><\/span><\/span>\n<\/div>\n\t<div class=\"wpb_text_column wpb_content_element\" >\n\t\t<div class=\"wpb_wrapper\">\n\t\t\t\n<div class=\"wpcf7 no-js\" id=\"wpcf7-f3502-o1\" lang=\"tr-TR\" dir=\"ltr\">\n<div class=\"screen-reader-response\"><p role=\"status\" aria-live=\"polite\" aria-atomic=\"true\"><\/p> <ul><\/ul><\/div>\n<form action=\"\/en\/wp-json\/wp\/v2\/pages\/34#wpcf7-f3502-o1\" method=\"post\" class=\"wpcf7-form init\" aria-label=\"Contact form\" novalidate=\"novalidate\" data-status=\"init\" data-trp-original-action=\"\/en\/wp-json\/wp\/v2\/pages\/34#wpcf7-f3502-o1\">\n<div style=\"display: none;\">\n<input type=\"hidden\" name=\"_wpcf7\" value=\"3502\" \/>\n<input type=\"hidden\" name=\"_wpcf7_version\" value=\"5.7.5.1\" \/>\n<input type=\"hidden\" name=\"_wpcf7_locale\" value=\"tr_TR\" \/>\n<input type=\"hidden\" name=\"_wpcf7_unit_tag\" value=\"wpcf7-f3502-o1\" \/>\n<input type=\"hidden\" name=\"_wpcf7_container_post\" value=\"0\" \/>\n<input type=\"hidden\" name=\"_wpcf7_posted_data_hash\" value=\"\" \/>\n<input type=\"hidden\" name=\"_wpcf7_recaptcha_response\" value=\"\" \/>\n<\/div>\n<p><label> Ad\u0131n\u0131z<br \/>\n<span class=\"wpcf7-form-control-wrap\" data-name=\"your-name\"><input size=\"40\" class=\"wpcf7-form-control wpcf7-text wpcf7-validates-as-required\" aria-required=\"true\" aria-invalid=\"false\" value=\"\" type=\"text\" name=\"your-name\" \/><\/span> <\/label>\n<\/p>\n<p><label> E-posta adresiniz<br \/>\n<span class=\"wpcf7-form-control-wrap\" data-name=\"your-email\"><input size=\"40\" class=\"wpcf7-form-control wpcf7-text wpcf7-email wpcf7-validates-as-required wpcf7-validates-as-email\" aria-required=\"true\" aria-invalid=\"false\" value=\"\" type=\"email\" name=\"your-email\" \/><\/span> <\/label>\n<\/p>\n<p><label> Telefon Numaran\u0131z<br \/>\n<span class=\"wpcf7-form-control-wrap\" data-name=\"your-telefon\"><input size=\"40\" class=\"wpcf7-form-control wpcf7-text\" aria-invalid=\"false\" value=\"\" type=\"text\" name=\"your-telefon\" \/><\/span> <\/label>\n<\/p>\n<p><label> Mesaj\u0131n\u0131z<br \/>\n<span class=\"wpcf7-form-control-wrap\" data-name=\"your-message\"><textarea cols=\"40\" rows=\"10\" class=\"wpcf7-form-control wpcf7-textarea\" aria-invalid=\"false\" name=\"your-message\"><\/textarea><\/span> <\/label>\n<\/p>\n<p><input type=\"hidden\" name=\"_wpcf7_captcha_challenge_captcha-170\" value=\"1041444390\" \/><img class=\"wpcf7-form-control wpcf7-captchac wpcf7-captcha-captcha-170\" width=\"72\" height=\"24\" alt=\"captcha\" src=\"https:\/\/www.perathai.com.tr\/wp-content\/uploads\/wpcf7_captcha\/1041444390.png\" \/><br \/>\n<span class=\"wpcf7-form-control-wrap\" data-name=\"captcha-170\"><input size=\"4\" maxlength=\"4\" class=\"wpcf7-form-control wpcf7-captchar\" autocomplete=\"off\" aria-invalid=\"false\" value=\"\" type=\"text\" name=\"captcha-170\" \/><\/span>\n<\/p>\n<p><input class=\"wpcf7-form-control has-spinner wpcf7-submit\" type=\"submit\" value=\"G\u00f6nder\" \/>\n<\/p><div class=\"wpcf7-response-output\" aria-hidden=\"true\"><\/div>\n<input type=\"hidden\" name=\"trp-form-language\" value=\"en\"\/><\/form>\n<\/div>\n\n\n\t\t<\/div>\n\t<\/div>\n<\/div><\/div><\/div><\/div>","protected":false},"excerpt":{"rendered":"Bize Ula\u015f\u0131n \u0130LET\u0130\u015e\u0130M TELEFON \u0130stanbul: (0212) 245 57 25-26 Bodrum: (0555) 878 33 61 ADRES \u0130stanbul: Me\u015frutiyet Cd. No:94\/A Beyo\u011flu \/\u0130STANBUL Bodrum: Dibeklihan K\u00fclt\u00fcr ve Sanat K\u00f6y\u00fc i\u00e7i, Cenap Tezer...","protected":false},"author":1,"featured_media":0,"parent":0,"menu_order":-6,"comment_status":"closed","ping_status":"closed","template":"","meta":[],"yoast_head":"<!-- This site is optimized with the Yoast SEO plugin v20.4 - https:\/\/yoast.com\/wordpress\/plugins\/seo\/ -->\n<title>\u0130leti\u015fim - Pera Thai<\/title>\n<meta name=\"description\" content=\"\u015ei\u015fhane\u2019den Asmal\u0131mescit\u2019e uzanan Me\u015frutiyet Caddesi \u00fczerinde konu\u015flanan Pera Thai, tam 17 y\u0131ld\u0131r ayn\u0131 adresinde hizmet veriyor.\" \/>\n<meta name=\"robots\" content=\"index, follow, max-snippet:-1, max-image-preview:large, max-video-preview:-1\" \/>\n<link rel=\"canonical\" href=\"https:\/\/www.perathai.com.tr\/en\/iletisim\/\" \/>\n<meta property=\"og:locale\" content=\"en_US\" \/>\n<meta property=\"og:type\" content=\"article\" \/>\n<meta property=\"og:title\" content=\"\u0130leti\u015fim - Pera Thai\" \/>\n<meta property=\"og:description\" content=\"\u015ei\u015fhane\u2019den Asmal\u0131mescit\u2019e uzanan Me\u015frutiyet Caddesi \u00fczerinde konu\u015flanan Pera Thai, tam 17 y\u0131ld\u0131r ayn\u0131 adresinde hizmet veriyor.\" \/>\n<meta property=\"og:url\" content=\"https:\/\/www.perathai.com.tr\/en\/iletisim\/\" \/>\n<meta property=\"og:site_name\" content=\"Pera Thai\" \/>\n<meta property=\"article:publisher\" content=\"https:\/\/www.facebook.com\/PeraThai\/\" \/>\n<meta property=\"article:modified_time\" content=\"2025-01-31T14:09:06+00:00\" \/>\n<meta name=\"twitter:card\" content=\"summary_large_image\" \/>\n<meta name=\"twitter:label1\" content=\"Est. reading time\" \/>\n\t<meta name=\"twitter:data1\" content=\"1 minute\" \/>\n<script type=\"application\/ld+json\" class=\"yoast-schema-graph\">{\"@context\":\"https:\/\/schema.org\",\"@graph\":[{\"@type\":\"WebPage\",\"@id\":\"https:\/\/www.perathai.com.tr\/iletisim\/\",\"url\":\"https:\/\/www.perathai.com.tr\/iletisim\/\",\"name\":\"\u0130leti\u015fim - Pera Thai\",\"isPartOf\":{\"@id\":\"https:\/\/www.perathai.com.tr\/#website\"},\"datePublished\":\"2016-07-21T20:32:01+00:00\",\"dateModified\":\"2025-01-31T14:09:06+00:00\",\"description\":\"\u015ei\u015fhane\u2019den Asmal\u0131mescit\u2019e uzanan Me\u015frutiyet Caddesi \u00fczerinde konu\u015flanan Pera Thai, tam 17 y\u0131ld\u0131r ayn\u0131 adresinde hizmet veriyor.\",\"breadcrumb\":{\"@id\":\"https:\/\/www.perathai.com.tr\/iletisim\/#breadcrumb\"},\"inLanguage\":\"en-US\",\"potentialAction\":[{\"@type\":\"ReadAction\",\"target\":[\"https:\/\/www.perathai.com.tr\/iletisim\/\"]}]},{\"@type\":\"BreadcrumbList\",\"@id\":\"https:\/\/www.perathai.com.tr\/iletisim\/#breadcrumb\",\"itemListElement\":[{\"@type\":\"ListItem\",\"position\":1,\"name\":\"Ana sayfa\",\"item\":\"https:\/\/www.perathai.com.tr\/\"},{\"@type\":\"ListItem\",\"position\":2,\"name\":\"\u0130leti\u015fim\"}]},{\"@type\":\"WebSite\",\"@id\":\"https:\/\/www.perathai.com.tr\/#website\",\"url\":\"https:\/\/www.perathai.com.tr\/\",\"name\":\"Pera Thai\",\"description\":\"Kitchen of Bua Khao\",\"publisher\":{\"@id\":\"https:\/\/www.perathai.com.tr\/#organization\"},\"potentialAction\":[{\"@type\":\"SearchAction\",\"target\":{\"@type\":\"EntryPoint\",\"urlTemplate\":\"https:\/\/www.perathai.com.tr\/?s={search_term_string}\"},\"query-input\":\"required name=search_term_string\"}],\"inLanguage\":\"en-US\"},{\"@type\":\"Organization\",\"@id\":\"https:\/\/www.perathai.com.tr\/#organization\",\"name\":\"Pera Thai\",\"url\":\"https:\/\/www.perathai.com.tr\/\",\"logo\":{\"@type\":\"ImageObject\",\"inLanguage\":\"en-US\",\"@id\":\"https:\/\/www.perathai.com.tr\/#\/schema\/logo\/image\/\",\"url\":\"https:\/\/www.perathai.com.tr\/wp-content\/uploads\/2019\/06\/logoW-1.png\",\"contentUrl\":\"https:\/\/www.perathai.com.tr\/wp-content\/uploads\/2019\/06\/logoW-1.png\",\"width\":305,\"height\":78,\"caption\":\"Pera Thai\"},\"image\":{\"@id\":\"https:\/\/www.perathai.com.tr\/#\/schema\/logo\/image\/\"},\"sameAs\":[\"https:\/\/www.facebook.com\/PeraThai\/\",\"https:\/\/www.instagram.com\/pera_thai\/\"]}]}<\/script>\n<!-- \/ Yoast SEO plugin. -->","yoast_head_json":{"title":"\u0130leti\u015fim - Pera Thai","description":"\u015ei\u015fhane\u2019den Asmal\u0131mescit\u2019e uzanan Me\u015frutiyet Caddesi \u00fczerinde konu\u015flanan Pera Thai, tam 17 y\u0131ld\u0131r ayn\u0131 adresinde hizmet veriyor.","robots":{"index":"index","follow":"follow","max-snippet":"max-snippet:-1","max-image-preview":"max-image-preview:large","max-video-preview":"max-video-preview:-1"},"canonical":"https:\/\/www.perathai.com.tr\/en\/iletisim\/","og_locale":"en_US","og_type":"article","og_title":"\u0130leti\u015fim - Pera Thai","og_description":"\u015ei\u015fhane\u2019den Asmal\u0131mescit\u2019e uzanan Me\u015frutiyet Caddesi \u00fczerinde konu\u015flanan Pera Thai, tam 17 y\u0131ld\u0131r ayn\u0131 adresinde hizmet veriyor.","og_url":"https:\/\/www.perathai.com.tr\/en\/iletisim\/","og_site_name":"Pera Thai","article_publisher":"https:\/\/www.facebook.com\/PeraThai\/","article_modified_time":"2025-01-31T14:09:06+00:00","twitter_card":"summary_large_image","twitter_misc":{"Est. reading time":"1 minute"},"schema":{"@context":"https:\/\/schema.org","@graph":[{"@type":"WebPage","@id":"https:\/\/www.perathai.com.tr\/iletisim\/","url":"https:\/\/www.perathai.com.tr\/iletisim\/","name":"\u0130leti\u015fim - Pera Thai","isPartOf":{"@id":"https:\/\/www.perathai.com.tr\/#website"},"datePublished":"2016-07-21T20:32:01+00:00","dateModified":"2025-01-31T14:09:06+00:00","description":"\u015ei\u015fhane\u2019den Asmal\u0131mescit\u2019e uzanan Me\u015frutiyet Caddesi \u00fczerinde konu\u015flanan Pera Thai, tam 17 y\u0131ld\u0131r ayn\u0131 adresinde hizmet veriyor.","breadcrumb":{"@id":"https:\/\/www.perathai.com.tr\/iletisim\/#breadcrumb"},"inLanguage":"en-US","potentialAction":[{"@type":"ReadAction","target":["https:\/\/www.perathai.com.tr\/iletisim\/"]}]},{"@type":"BreadcrumbList","@id":"https:\/\/www.perathai.com.tr\/iletisim\/#breadcrumb","itemListElement":[{"@type":"ListItem","position":1,"name":"Ana sayfa","item":"https:\/\/www.perathai.com.tr\/"},{"@type":"ListItem","position":2,"name":"\u0130leti\u015fim"}]},{"@type":"WebSite","@id":"https:\/\/www.perathai.com.tr\/#website","url":"https:\/\/www.perathai.com.tr\/","name":"Pera Thai","description":"Kitchen of Bua Khao","publisher":{"@id":"https:\/\/www.perathai.com.tr\/#organization"},"potentialAction":[{"@type":"SearchAction","target":{"@type":"EntryPoint","urlTemplate":"https:\/\/www.perathai.com.tr\/?s={search_term_string}"},"query-input":"required name=search_term_string"}],"inLanguage":"en-US"},{"@type":"Organization","@id":"https:\/\/www.perathai.com.tr\/#organization","name":"Pera Thai","url":"https:\/\/www.perathai.com.tr\/","logo":{"@type":"ImageObject","inLanguage":"en-US","@id":"https:\/\/www.perathai.com.tr\/#\/schema\/logo\/image\/","url":"https:\/\/www.perathai.com.tr\/wp-content\/uploads\/2019\/06\/logoW-1.png","contentUrl":"https:\/\/www.perathai.com.tr\/wp-content\/uploads\/2019\/06\/logoW-1.png","width":305,"height":78,"caption":"Pera Thai"},"image":{"@id":"https:\/\/www.perathai.com.tr\/#\/schema\/logo\/image\/"},"sameAs":["https:\/\/www.facebook.com\/PeraThai\/","https:\/\/www.instagram.com\/pera_thai\/"]}]}},"_links":{"self":[{"href":"https:\/\/www.perathai.com.tr\/en\/wp-json\/wp\/v2\/pages\/34"}],"collection":[{"href":"https:\/\/www.perathai.com.tr\/en\/wp-json\/wp\/v2\/pages"}],"about":[{"href":"https:\/\/www.perathai.com.tr\/en\/wp-json\/wp\/v2\/types\/page"}],"author":[{"embeddable":true,"href":"https:\/\/www.perathai.com.tr\/en\/wp-json\/wp\/v2\/users\/1"}],"replies":[{"embeddable":true,"href":"https:\/\/www.perathai.com.tr\/en\/wp-json\/wp\/v2\/comments?post=34"}],"version-history":[{"count":19,"href":"https:\/\/www.perathai.com.tr\/en\/wp-json\/wp\/v2\/pages\/34\/revisions"}],"predecessor-version":[{"id":4023,"href":"https:\/\/www.perathai.com.tr\/en\/wp-json\/wp\/v2\/pages\/34\/revisions\/4023"}],"wp:attachment":[{"href":"https:\/\/www.perathai.com.tr\/en\/wp-json\/wp\/v2\/media?parent=34"}],"curies":[{"name":"wp","href":"https:\/\/api.w.org\/{rel}","templated":true}]}}