{"id":3640,"date":"2022-04-13T20:53:56","date_gmt":"2022-04-13T17:53:56","guid":{"rendered":"https:\/\/www.perathai.com.tr\/?page_id=3640"},"modified":"2022-04-14T13:39:39","modified_gmt":"2022-04-14T10:39:39","slug":"catering","status":"publish","type":"page","link":"https:\/\/www.perathai.com.tr\/en\/catering\/","title":{"rendered":"CATERING"},"content":{"rendered":"<div class=\"vc_row wpb_row vc_row-fluid\"><div class=\"wpb_column vc_column_container vc_col-sm-12\"><div class=\"vc_column-inner\"><div class=\"wpb_wrapper\">\n\t<div class=\"wpb_text_column wpb_content_element\" >\n\t\t<div class=\"wpb_wrapper\">\n\t\t\t<p style=\"text-align: center;\"><div class=\"section-title v1\">\n\t\t\t<p class=\"subtitle color-pr-tx\">Kitchen of Buo Khao<\/p>\n\t\t<h3 class=\"font-heading\"> PERA THAI<\/h3>\t\t\n<\/div>\n\n\t\t<\/div>\n\t<\/div>\n<\/div><\/div><\/div><\/div><div class=\"vc_row wpb_row vc_row-fluid\"><div class=\"wpb_column vc_column_container vc_col-sm-6\"><div class=\"vc_column-inner\"><div class=\"wpb_wrapper\">\n\t<div  class=\"wpb_single_image wpb_content_element vc_align_center\">\n\t\t\n\t\t<figure class=\"wpb_wrapper vc_figure\">\n\t\t\t<a class=\"\" data-lightbox=\"lightbox[rel-3640-4266583277]\" href=\"https:\/\/www.perathai.com.tr\/wp-content\/uploads\/2022\/04\/catering-1-830x467.jpg\" target=\"_self\"><img width=\"675\" height=\"380\" src=\"https:\/\/www.perathai.com.tr\/wp-content\/uploads\/2022\/04\/catering-1-675x380.jpg\" class=\"vc_single_image-img attachment-medium\" alt=\"\" loading=\"lazy\" \/><\/a>\n\t\t<\/figure>\n\t<\/div>\n<\/div><\/div><\/div><div class=\"wpb_column vc_column_container vc_col-sm-6\"><div class=\"vc_column-inner\"><div class=\"wpb_wrapper\">\n\t<div class=\"wpb_text_column wpb_content_element\" >\n\t\t<div class=\"wpb_wrapper\">\n\t\t\t<p>\u0130stanbul\u2019un en eski Tayland restoran\u0131 Pera Thai, 2001 y\u0131l\u0131nda a\u00e7\u0131ld\u0131. Klasik lezzetler, Taylandl\u0131 kad\u0131n a\u015f\u00e7\u0131lar taraf\u0131ndan, taze ve asl\u0131na uygun olarak haz\u0131rlan\u0131yor.<\/p>\n<p>Home-made curries and the rest of the menu are cooked by Thai women chefs using ingredients from \u0130stanbul and Thailand. Pera Thai became a dining spot for a pleasant break with its simple, elegant and friendly environment.<\/p>\n<p>Pera Thai was instantly voted best Thai restaurant in Istanbul and still continues to enjoy receiving local and international awards and reviews. .<\/p>\n\n\t\t<\/div>\n\t<\/div>\n<\/div><\/div><\/div><\/div><div class=\"vc_row wpb_row vc_row-fluid\"><div class=\"wpb_column vc_column_container vc_col-sm-6\"><div class=\"vc_column-inner\"><div class=\"wpb_wrapper\">\n\t<div class=\"wpb_text_column wpb_content_element\" >\n\t\t<div class=\"wpb_wrapper\">\n\t\t\t<p class=\"yiv7601402575MsoNormal\">Pera Thai olarak Outside Catering Hizmetleri vermekteyiz.<\/p>\n<ul type=\"disc\">\n<li class=\"yiv7601402575MsoNormal\">YAT PART\u0130LER\u0130<\/li>\n<li class=\"yiv7601402575MsoNormal\">DO\u011eUM G\u00dcNLER\u0130<\/li>\n<li class=\"yiv7601402575MsoNormal\">\u00d6ZEL G\u00dcNLER<\/li>\n<\/ul>\n<p class=\"yiv7601402575MsoNormal\">Misafirlerinize, harika bir catering organizasyonu d\u00fczenlemeye karar verdiyseniz, dan\u0131\u015fmanlar\u0131m\u0131z sizin i\u00e7in hizmetli ekibini y\u00f6netecek ve siz sadece misafirlerinize vakit ay\u0131rarak olarla daha \u00e7ok ilgilenebileceksiniz.<\/p>\n<p class=\"yiv7601402575MsoNormal\">Misafirleriniz ile sunulan hizmetin m\u00fckemmelli\u011fini konu\u015furken, sizde keyifli bir zaman ge\u00e7ireceksiniz.<\/p>\n\n\t\t<\/div>\n\t<\/div>\n<\/div><\/div><\/div><div class=\"wpb_column vc_column_container vc_col-sm-6\"><div class=\"vc_column-inner\"><div class=\"wpb_wrapper\">\n\t<div  class=\"wpb_single_image wpb_content_element vc_align_center\">\n\t\t\n\t\t<figure class=\"wpb_wrapper vc_figure\">\n\t\t\t<a class=\"\" data-lightbox=\"lightbox[rel-3640-796114936]\" href=\"https:\/\/www.perathai.com.tr\/wp-content\/uploads\/2022\/04\/Yat-Partileri-830x554.jpg\" target=\"_self\"><img width=\"675\" height=\"450\" src=\"https:\/\/www.perathai.com.tr\/wp-content\/uploads\/2022\/04\/Yat-Partileri-675x450.jpg\" class=\"vc_single_image-img attachment-medium\" alt=\"\" loading=\"lazy\" \/><\/a>\n\t\t<\/figure>\n\t<\/div>\n<\/div><\/div><\/div><\/div><div class=\"vc_row wpb_row vc_row-fluid\"><div class=\"wpb_column vc_column_container vc_col-sm-6\"><div class=\"vc_column-inner\"><div class=\"wpb_wrapper\"><\/div><\/div><\/div><div class=\"wpb_column vc_column_container vc_col-sm-6\"><div class=\"vc_column-inner\"><div class=\"wpb_wrapper\"><\/div><\/div><\/div><\/div>","protected":false},"excerpt":{"rendered":"Kitchen of Buo Khao PERA THAI \u0130stanbul\u2019un en eski Tayland restoran\u0131 Pera Thai, 2001 y\u0131l\u0131nda a\u00e7\u0131ld\u0131. Klasik lezzetler, Taylandl\u0131 kad\u0131n a\u015f\u00e7\u0131lar taraf\u0131ndan, taze ve asl\u0131na uygun olarak haz\u0131rlan\u0131yor. Men\u00fcdeki, ev...","protected":false},"author":1,"featured_media":3650,"parent":0,"menu_order":0,"comment_status":"closed","ping_status":"closed","template":"","meta":[],"yoast_head":"<!-- This site is optimized with the Yoast SEO plugin v20.4 - https:\/\/yoast.com\/wordpress\/plugins\/seo\/ -->\n<title>CATERING - Pera Thai<\/title>\n<meta name=\"robots\" content=\"index, follow, max-snippet:-1, max-image-preview:large, max-video-preview:-1\" \/>\n<link rel=\"canonical\" href=\"https:\/\/www.perathai.com.tr\/en\/catering\/\" \/>\n<meta property=\"og:locale\" content=\"en_US\" \/>\n<meta property=\"og:type\" content=\"article\" \/>\n<meta property=\"og:title\" content=\"CATERING - Pera Thai\" \/>\n<meta property=\"og:url\" content=\"https:\/\/www.perathai.com.tr\/en\/catering\/\" \/>\n<meta property=\"og:site_name\" content=\"Pera Thai\" \/>\n<meta property=\"article:publisher\" content=\"https:\/\/www.facebook.com\/PeraThai\/\" \/>\n<meta property=\"article:modified_time\" content=\"2022-04-14T10:39:39+00:00\" \/>\n<meta property=\"og:image\" content=\"https:\/\/www.perathai.com.tr\/wp-content\/uploads\/2022\/04\/catering-header.jpeg\" \/>\n\t<meta property=\"og:image:width\" content=\"2048\" \/>\n\t<meta property=\"og:image:height\" content=\"1362\" \/>\n\t<meta property=\"og:image:type\" content=\"image\/jpeg\" \/>\n<meta name=\"twitter:card\" content=\"summary_large_image\" \/>\n<meta name=\"twitter:label1\" content=\"Est. reading time\" \/>\n\t<meta name=\"twitter:data1\" content=\"1 minute\" \/>\n<script type=\"application\/ld+json\" class=\"yoast-schema-graph\">{\"@context\":\"https:\/\/schema.org\",\"@graph\":[{\"@type\":\"WebPage\",\"@id\":\"https:\/\/www.perathai.com.tr\/catering\/\",\"url\":\"https:\/\/www.perathai.com.tr\/catering\/\",\"name\":\"CATERING - Pera Thai\",\"isPartOf\":{\"@id\":\"https:\/\/www.perathai.com.tr\/#website\"},\"datePublished\":\"2022-04-13T17:53:56+00:00\",\"dateModified\":\"2022-04-14T10:39:39+00:00\",\"breadcrumb\":{\"@id\":\"https:\/\/www.perathai.com.tr\/catering\/#breadcrumb\"},\"inLanguage\":\"en-US\",\"potentialAction\":[{\"@type\":\"ReadAction\",\"target\":[\"https:\/\/www.perathai.com.tr\/catering\/\"]}]},{\"@type\":\"BreadcrumbList\",\"@id\":\"https:\/\/www.perathai.com.tr\/catering\/#breadcrumb\",\"itemListElement\":[{\"@type\":\"ListItem\",\"position\":1,\"name\":\"Ana sayfa\",\"item\":\"https:\/\/www.perathai.com.tr\/\"},{\"@type\":\"ListItem\",\"position\":2,\"name\":\"CATERING\"}]},{\"@type\":\"WebSite\",\"@id\":\"https:\/\/www.perathai.com.tr\/#website\",\"url\":\"https:\/\/www.perathai.com.tr\/\",\"name\":\"Pera Thai\",\"description\":\"Kitchen of Bua Khao\",\"publisher\":{\"@id\":\"https:\/\/www.perathai.com.tr\/#organization\"},\"potentialAction\":[{\"@type\":\"SearchAction\",\"target\":{\"@type\":\"EntryPoint\",\"urlTemplate\":\"https:\/\/www.perathai.com.tr\/?s={search_term_string}\"},\"query-input\":\"required name=search_term_string\"}],\"inLanguage\":\"en-US\"},{\"@type\":\"Organization\",\"@id\":\"https:\/\/www.perathai.com.tr\/#organization\",\"name\":\"Pera Thai\",\"url\":\"https:\/\/www.perathai.com.tr\/\",\"logo\":{\"@type\":\"ImageObject\",\"inLanguage\":\"en-US\",\"@id\":\"https:\/\/www.perathai.com.tr\/#\/schema\/logo\/image\/\",\"url\":\"https:\/\/www.perathai.com.tr\/wp-content\/uploads\/2019\/06\/logoW-1.png\",\"contentUrl\":\"https:\/\/www.perathai.com.tr\/wp-content\/uploads\/2019\/06\/logoW-1.png\",\"width\":305,\"height\":78,\"caption\":\"Pera Thai\"},\"image\":{\"@id\":\"https:\/\/www.perathai.com.tr\/#\/schema\/logo\/image\/\"},\"sameAs\":[\"https:\/\/www.facebook.com\/PeraThai\/\",\"https:\/\/www.instagram.com\/pera_thai\/\"]}]}<\/script>\n<!-- \/ Yoast SEO plugin. -->","yoast_head_json":{"title":"CATERING - Pera Thai","robots":{"index":"index","follow":"follow","max-snippet":"max-snippet:-1","max-image-preview":"max-image-preview:large","max-video-preview":"max-video-preview:-1"},"canonical":"https:\/\/www.perathai.com.tr\/en\/catering\/","og_locale":"en_US","og_type":"article","og_title":"CATERING - Pera Thai","og_url":"https:\/\/www.perathai.com.tr\/en\/catering\/","og_site_name":"Pera Thai","article_publisher":"https:\/\/www.facebook.com\/PeraThai\/","article_modified_time":"2022-04-14T10:39:39+00:00","og_image":[{"width":2048,"height":1362,"url":"https:\/\/www.perathai.com.tr\/wp-content\/uploads\/2022\/04\/catering-header.jpeg","type":"image\/jpeg"}],"twitter_card":"summary_large_image","twitter_misc":{"Est. reading time":"1 minute"},"schema":{"@context":"https:\/\/schema.org","@graph":[{"@type":"WebPage","@id":"https:\/\/www.perathai.com.tr\/catering\/","url":"https:\/\/www.perathai.com.tr\/catering\/","name":"CATERING - Pera Thai","isPartOf":{"@id":"https:\/\/www.perathai.com.tr\/#website"},"datePublished":"2022-04-13T17:53:56+00:00","dateModified":"2022-04-14T10:39:39+00:00","breadcrumb":{"@id":"https:\/\/www.perathai.com.tr\/catering\/#breadcrumb"},"inLanguage":"en-US","potentialAction":[{"@type":"ReadAction","target":["https:\/\/www.perathai.com.tr\/catering\/"]}]},{"@type":"BreadcrumbList","@id":"https:\/\/www.perathai.com.tr\/catering\/#breadcrumb","itemListElement":[{"@type":"ListItem","position":1,"name":"Ana sayfa","item":"https:\/\/www.perathai.com.tr\/"},{"@type":"ListItem","position":2,"name":"CATERING"}]},{"@type":"WebSite","@id":"https:\/\/www.perathai.com.tr\/#website","url":"https:\/\/www.perathai.com.tr\/","name":"Pera Thai","description":"Kitchen of Bua Khao","publisher":{"@id":"https:\/\/www.perathai.com.tr\/#organization"},"potentialAction":[{"@type":"SearchAction","target":{"@type":"EntryPoint","urlTemplate":"https:\/\/www.perathai.com.tr\/?s={search_term_string}"},"query-input":"required name=search_term_string"}],"inLanguage":"en-US"},{"@type":"Organization","@id":"https:\/\/www.perathai.com.tr\/#organization","name":"Pera Thai","url":"https:\/\/www.perathai.com.tr\/","logo":{"@type":"ImageObject","inLanguage":"en-US","@id":"https:\/\/www.perathai.com.tr\/#\/schema\/logo\/image\/","url":"https:\/\/www.perathai.com.tr\/wp-content\/uploads\/2019\/06\/logoW-1.png","contentUrl":"https:\/\/www.perathai.com.tr\/wp-content\/uploads\/2019\/06\/logoW-1.png","width":305,"height":78,"caption":"Pera Thai"},"image":{"@id":"https:\/\/www.perathai.com.tr\/#\/schema\/logo\/image\/"},"sameAs":["https:\/\/www.facebook.com\/PeraThai\/","https:\/\/www.instagram.com\/pera_thai\/"]}]}},"_links":{"self":[{"href":"https:\/\/www.perathai.com.tr\/en\/wp-json\/wp\/v2\/pages\/3640"}],"collection":[{"href":"https:\/\/www.perathai.com.tr\/en\/wp-json\/wp\/v2\/pages"}],"about":[{"href":"https:\/\/www.perathai.com.tr\/en\/wp-json\/wp\/v2\/types\/page"}],"author":[{"embeddable":true,"href":"https:\/\/www.perathai.com.tr\/en\/wp-json\/wp\/v2\/users\/1"}],"replies":[{"embeddable":true,"href":"https:\/\/www.perathai.com.tr\/en\/wp-json\/wp\/v2\/comments?post=3640"}],"version-history":[{"count":6,"href":"https:\/\/www.perathai.com.tr\/en\/wp-json\/wp\/v2\/pages\/3640\/revisions"}],"predecessor-version":[{"id":3648,"href":"https:\/\/www.perathai.com.tr\/en\/wp-json\/wp\/v2\/pages\/3640\/revisions\/3648"}],"wp:featuredmedia":[{"embeddable":true,"href":"https:\/\/www.perathai.com.tr\/en\/wp-json\/wp\/v2\/media\/3650"}],"wp:attachment":[{"href":"https:\/\/www.perathai.com.tr\/en\/wp-json\/wp\/v2\/media?parent=3640"}],"curies":[{"name":"wp","href":"https:\/\/api.w.org\/{rel}","templated":true}]}}