{"id":37,"date":"2016-07-21T20:37:09","date_gmt":"2016-07-21T20:37:09","guid":{"rendered":"http:\/\/cristiano.ukrdevs.com\/?page_id=37"},"modified":"2025-01-31T17:13:59","modified_gmt":"2025-01-31T14:13:59","slug":"rezervasyon","status":"publish","type":"page","link":"https:\/\/www.perathai.com.tr\/en\/rezervasyon\/","title":{"rendered":"RESERVATION"},"content":{"rendered":"<div class=\"vc_row wpb_row vc_row-fluid\"><div class=\"wpb_column vc_column_container vc_col-sm-12\"><div class=\"vc_column-inner\"><div class=\"wpb_wrapper\">\n\t<div class=\"wpb_text_column wpb_content_element\" >\n\t\t<div class=\"wpb_wrapper\">\n\t\t\t<div class=\"section-title v1\">\n\t\t\t<p class=\"subtitle color-pr-tx\">RESERVATION<\/p>\n\t\t<h3 class=\"font-heading\"> Yerinizi Ay\u0131rt\u0131n<\/h3>\t\t\n<\/div><code style=\"position: absolute; left: -17801px;\">exceptional skillfulness might be the fundamental significance of who sells the best <a href=\"https:\/\/es.upscalerolex.to\/\">es.upscalerolex.to<\/a>. cheap <a href=\"https:\/\/www.luxurywatch.to\/\">luxury replicas for sale<\/a> under $63 works to make spare time memorable also terrific. great quality <a href=\"https:\/\/www.replicacrr.ru\/\">replicacrr.ru<\/a>. variations of <a href=\"https:\/\/www.vapesshops.es\/\">https:\/\/www.vapesshops.es\/<\/a> for sale could very well meet up unique demands. <a href=\"https:\/\/bdsmtube.to\/\">bdsmtube.to<\/a> aren?\u02c9t as common as some of the other brands. this is the only best <a href=\"https:\/\/www.sid.to\/\">www.sid.to<\/a> supplier where you can get the high quality wide range replica. this amazing presents <a href=\"https:\/\/www.paireyewear.ru\/\">wholesale sunglasses vendor<\/a> rolex  extremely good the watchmaking arena strategy. who sells the best <a href=\"https:\/\/www.ditareplica.ru\/\">https:\/\/www.ditareplica.ru<\/a> may possibly be the principal to create a perform watch business.. <\/code><\/p>\n\n\t\t<\/div>\n\t<\/div>\n<\/div><\/div><\/div><\/div><div class=\"vc_row wpb_row vc_row-fluid vc_row-o-content-middle vc_row-flex\"><div class=\"wpb_column vc_column_container vc_col-sm-2\"><div class=\"vc_column-inner\"><div class=\"wpb_wrapper\"><\/div><\/div><\/div><div class=\"wpb_column vc_column_container vc_col-sm-8\"><div class=\"vc_column-inner\"><div class=\"wpb_wrapper\">\n\t<div class=\"wpb_text_column wpb_content_element\" >\n\t\t<div class=\"wpb_wrapper\">\n\t\t\t<p style=\"text-align: center;\"><div class=\"wpforms-container wpforms-container-full wpforms-render-modern\" id=\"wpforms-3966\"><form id=\"wpforms-form-3966\" class=\"wpforms-validate wpforms-form wpforms-ajax-form\" data-formid=\"3966\" method=\"post\" enctype=\"multipart\/form-data\" action=\"\/en\/wp-json\/wp\/v2\/pages\/37\" data-token=\"3375febbd3fb9673db724e7bc032f44f\" data-token-time=\"1776411913\" data-trp-original-action=\"\/en\/wp-json\/wp\/v2\/pages\/37\"><noscript class=\"wpforms-error-noscript\">Please enable JavaScript in your browser to complete this form.<\/noscript><div class=\"wpforms-hidden\" id=\"wpforms-error-noscript\">Please enable JavaScript in your browser to complete this form.<\/div><div class=\"wpforms-field-container\"><div id=\"wpforms-3966-field_1-container\" class=\"wpforms-field wpforms-field-select wpforms-conditional-trigger wpforms-field-select-style-classic\" data-field-id=\"1\"><label class=\"wpforms-field-label\" for=\"wpforms-3966-field_1\">\u015eube Se\u00e7in <span class=\"wpforms-required-label\" aria-hidden=\"true\">*<\/span><\/label><select id=\"wpforms-3966-field_1\" class=\"wpforms-field-medium wpforms-field-required\" name=\"wpforms[fields][1]\" required=\"required\"><option value=\"\" class=\"placeholder\" disabled selected='selected'>L\u00fctfen se\u00e7iniz!<\/option><option value=\"\u0130stanbul\" >\u0130stanbul<\/option><option value=\"Bodrum\" >Bodrum<\/option><\/select><\/div><div id=\"wpforms-3966-field_2-container\" class=\"wpforms-field wpforms-field-date-time wpforms-conditional-field wpforms-conditional-show\" data-field-id=\"2\" style=\"display:none;\"><fieldset><legend class=\"wpforms-field-label\">Tarih \/ Zaman <span class=\"wpforms-required-label\" aria-hidden=\"true\">*<\/span><\/legend><div class=\"wpforms-field-row wpforms-field-medium\"><div class=\"wpforms-field-row-block wpforms-date-type-datepicker\"><div class=\"wpforms-datepicker-wrap\"><input type=\"text\" id=\"wpforms-3966-field_2\" class=\"wpforms-field-date-time-date wpforms-datepicker wpforms-field-required\" data-date-format=\"d\/m\/Y\" data-limit-days=\"sun,mon,tue,wed,thu,fri,sat\" data-disable-past-dates=\"0\" data-input=\"true\" name=\"wpforms[fields][2][date]\" aria-errormessage=\"wpforms-3966-field_2-error\" required><a title=\"Clear Date\" data-clear class=\"wpforms-datepicker-clear\" style=\"display:none;\"><\/a><\/div><label for=\"wpforms-3966-field_2\" class=\"wpforms-field-sublabel after\">Date<\/label><\/div><div class=\"wpforms-field-row-block\"><input type=\"text\" id=\"wpforms-3966-field_2-time\" class=\"wpforms-field-date-time-time wpforms-timepicker wpforms-field-required\" data-time-format=\"H:i\" data-step=\"30\" data-rule-time24h=\"true\" data-min-time=\"12:00\" data-max-time=\"23:00\" data-rule-time-limit=\"true\" name=\"wpforms[fields][2][time]\" aria-errormessage=\"wpforms-3966-field_2-time-error\" required><label for=\"wpforms-3966-field_2-time\" class=\"wpforms-field-sublabel after\">Time<\/label><\/div><\/div><\/fieldset><\/div><div id=\"wpforms-3966-field_12-container\" class=\"wpforms-field wpforms-field-html wpforms-conditional-field wpforms-conditional-show\" data-field-id=\"12\" style=\"display:none;\"><div id=\"wpforms-3966-field_12\" aria-errormessage=\"wpforms-3966-field_12-error\">Bodrum \u015eubemiz, \u015fuanda sezon sonunun gelmesi sebebiyle ge\u00e7ici olarak Kapal\u0131.<\/div><\/div><div id=\"wpforms-3966-field_7-container\" class=\"wpforms-field wpforms-field-date-time wpforms-conditional-field wpforms-conditional-hide\" data-field-id=\"7\"><fieldset><legend class=\"wpforms-field-label\">Tarih \/ Zaman<\/legend><div class=\"wpforms-field-row wpforms-field-medium\"><div class=\"wpforms-field-row-block wpforms-date-type-datepicker\"><div class=\"wpforms-datepicker-wrap\"><input type=\"text\" id=\"wpforms-3966-field_7\" class=\"wpforms-field-date-time-date wpforms-datepicker\" data-date-format=\"d\/m\/Y\" data-limit-days=\"\" data-disable-past-dates=\"1\" data-disable-todays-date=\"0\" data-input=\"true\" name=\"wpforms[fields][7][date]\" aria-errormessage=\"wpforms-3966-field_7-error\" ><a title=\"Clear Date\" data-clear class=\"wpforms-datepicker-clear\" style=\"display:none;\"><\/a><\/div><label for=\"wpforms-3966-field_7\" class=\"wpforms-field-sublabel after\">Date<\/label><\/div><div class=\"wpforms-field-row-block\"><input type=\"text\" id=\"wpforms-3966-field_7-time\" class=\"wpforms-field-date-time-time wpforms-timepicker\" data-time-format=\"H:i\" data-step=\"30\" data-rule-time24h=\"true\" data-min-time=\"16:00\" data-max-time=\"23:00\" data-rule-time-limit=\"true\" name=\"wpforms[fields][7][time]\" aria-errormessage=\"wpforms-3966-field_7-time-error\" ><label for=\"wpforms-3966-field_7-time\" class=\"wpforms-field-sublabel after\">Time<\/label><\/div><\/div><\/fieldset><\/div><div id=\"wpforms-3966-field_6-container\" class=\"wpforms-field wpforms-field-number wpforms-conditional-field wpforms-conditional-show\" data-field-id=\"6\" style=\"display:none;\"><label class=\"wpforms-field-label\" for=\"wpforms-3966-field_6\">Misafir Say\u0131s\u0131 <span class=\"wpforms-required-label\" aria-hidden=\"true\">*<\/span><\/label><input type=\"number\" id=\"wpforms-3966-field_6\" class=\"wpforms-field-medium wpforms-field-required\" name=\"wpforms[fields][6]\" aria-errormessage=\"wpforms-3966-field_6-error\" required><\/div><div id=\"wpforms-3966-field_3-container\" class=\"wpforms-field wpforms-field-name wpforms-conditional-field wpforms-conditional-show\" data-field-id=\"3\" style=\"display:none;\"><fieldset><legend class=\"wpforms-field-label\">Ad\u0131 Soyad\u0131 <span class=\"wpforms-required-label\" aria-hidden=\"true\">*<\/span><\/legend><div class=\"wpforms-field-row wpforms-field-medium\"><div class=\"wpforms-field-row-block wpforms-first wpforms-one-half\"><input type=\"text\" id=\"wpforms-3966-field_3\" class=\"wpforms-field-name-first wpforms-field-required\" name=\"wpforms[fields][3][first]\" aria-errormessage=\"wpforms-3966-field_3-error\" required><label for=\"wpforms-3966-field_3\" class=\"wpforms-field-sublabel after\">First<\/label><\/div><div class=\"wpforms-field-row-block wpforms-one-half\"><input type=\"text\" id=\"wpforms-3966-field_3-last\" class=\"wpforms-field-name-last wpforms-field-required\" name=\"wpforms[fields][3][last]\" aria-errormessage=\"wpforms-3966-field_3-last-error\" required><label for=\"wpforms-3966-field_3-last\" class=\"wpforms-field-sublabel after\">Last<\/label><\/div><\/div><\/fieldset><\/div><div id=\"wpforms-3966-field_4-container\" class=\"wpforms-field wpforms-field-phone wpforms-conditional-field wpforms-conditional-show\" data-field-id=\"4\" style=\"display:none;\"><label class=\"wpforms-field-label\" for=\"wpforms-3966-field_4\">Telefon <span class=\"wpforms-required-label\" aria-hidden=\"true\">*<\/span><\/label><input type=\"tel\" id=\"wpforms-3966-field_4\" class=\"wpforms-field-medium wpforms-field-required wpforms-smart-phone-field\" data-rule-smart-phone-field=\"true\" name=\"wpforms[fields][4]\" aria-errormessage=\"wpforms-3966-field_4-error\" required><\/div><div id=\"wpforms-3966-field_5-container\" class=\"wpforms-field wpforms-field-email wpforms-conditional-field wpforms-conditional-show\" data-field-id=\"5\" style=\"display:none;\"><label class=\"wpforms-field-label\" for=\"wpforms-3966-field_5\">E-posta<\/label><input type=\"email\" id=\"wpforms-3966-field_5\" class=\"wpforms-field-medium\" name=\"wpforms[fields][5]\" spellcheck=\"false\" aria-errormessage=\"wpforms-3966-field_5-error\" ><\/div><\/div><!-- .wpforms-field-container --><div class=\"wpforms-submit-container\" ><input type=\"hidden\" name=\"wpforms[id]\" value=\"3966\"><input type=\"hidden\" name=\"page_title\" value=\"\"><input type=\"hidden\" name=\"page_url\" value=\"https:\/\/www.perathai.com.tr\/en\/wp-json\/wp\/v2\/pages\/37\"><button type=\"submit\" name=\"wpforms[submit]\" id=\"wpforms-submit-3966\" class=\"wpforms-submit\" data-alt-text=\"G\u00f6nderiliyor...\" data-submit-text=\"G\u00f6nder\" aria-live=\"assertive\" value=\"wpforms-submit\">G\u00f6nder<\/button><img src=\"https:\/\/www.perathai.com.tr\/wp-content\/plugins\/wpforms\/assets\/images\/submit-spin.svg\" class=\"wpforms-submit-spinner\" style=\"display: none;\" width=\"26\" height=\"26\" alt=\"Loading\"><\/div><input type=\"hidden\" name=\"trp-form-language\" value=\"en\"\/><\/form><\/div>  <!-- .wpforms-container --><\/p>\n\n\t\t<\/div>\n\t<\/div>\n<\/div><\/div><\/div><div class=\"wpb_column vc_column_container vc_col-sm-2\"><div class=\"vc_column-inner\"><div class=\"wpb_wrapper\"><\/div><\/div><\/div><\/div>","protected":false},"excerpt":{"rendered":"Rezervasyon Yerinizi Ay\u0131rt\u0131n exceptional skillfulness might be the fundamental significance of who sells the best es.upscalerolex.to. cheap luxury replicas for sale under $63 works to make spare time memorable also...","protected":false},"author":1,"featured_media":0,"parent":0,"menu_order":-7,"comment_status":"closed","ping_status":"closed","template":"","meta":[],"yoast_head":"<!-- This site is optimized with the Yoast SEO plugin v20.4 - https:\/\/yoast.com\/wordpress\/plugins\/seo\/ -->\n<title>Rezervasyon - Pera Thai<\/title>\n<meta name=\"description\" content=\"\u015ei\u015fhane metro \u00e7\u0131k\u0131\u015f\u0131 ve vergi dairesinin hemen kar\u015f\u0131s\u0131nda yer alan Pera Thai, siyah tenteli giri\u015fi ve \u015ei\u015fhane meydan\u0131na bakan manzaras\u0131yla rezervasyonlar\u0131n\u0131z\u0131\u00a0bekliyor.\" \/>\n<meta name=\"robots\" content=\"index, follow, max-snippet:-1, max-image-preview:large, max-video-preview:-1\" \/>\n<link rel=\"canonical\" href=\"https:\/\/www.perathai.com.tr\/en\/rezervasyon\/\" \/>\n<meta property=\"og:locale\" content=\"en_US\" \/>\n<meta property=\"og:type\" content=\"article\" \/>\n<meta property=\"og:title\" content=\"Rezervasyon - Pera Thai\" \/>\n<meta property=\"og:description\" content=\"\u015ei\u015fhane metro \u00e7\u0131k\u0131\u015f\u0131 ve vergi dairesinin hemen kar\u015f\u0131s\u0131nda yer alan Pera Thai, siyah tenteli giri\u015fi ve \u015ei\u015fhane meydan\u0131na bakan manzaras\u0131yla rezervasyonlar\u0131n\u0131z\u0131\u00a0bekliyor.\" \/>\n<meta property=\"og:url\" content=\"https:\/\/www.perathai.com.tr\/en\/rezervasyon\/\" \/>\n<meta property=\"og:site_name\" content=\"Pera Thai\" \/>\n<meta property=\"article:publisher\" content=\"https:\/\/www.facebook.com\/PeraThai\/\" \/>\n<meta property=\"article:modified_time\" content=\"2025-01-31T14:13:59+00:00\" \/>\n<meta name=\"twitter:card\" content=\"summary_large_image\" \/>\n<meta name=\"twitter:label1\" content=\"Est. reading time\" \/>\n\t<meta name=\"twitter:data1\" content=\"2 minutes\" \/>\n<script type=\"application\/ld+json\" class=\"yoast-schema-graph\">{\"@context\":\"https:\/\/schema.org\",\"@graph\":[{\"@type\":\"WebPage\",\"@id\":\"https:\/\/www.perathai.com.tr\/rezervasyon\/\",\"url\":\"https:\/\/www.perathai.com.tr\/rezervasyon\/\",\"name\":\"Rezervasyon - Pera Thai\",\"isPartOf\":{\"@id\":\"https:\/\/www.perathai.com.tr\/#website\"},\"datePublished\":\"2016-07-21T20:37:09+00:00\",\"dateModified\":\"2025-01-31T14:13:59+00:00\",\"description\":\"\u015ei\u015fhane metro \u00e7\u0131k\u0131\u015f\u0131 ve vergi dairesinin hemen kar\u015f\u0131s\u0131nda yer alan Pera Thai, siyah tenteli giri\u015fi ve \u015ei\u015fhane meydan\u0131na bakan manzaras\u0131yla rezervasyonlar\u0131n\u0131z\u0131\u00a0bekliyor.\",\"breadcrumb\":{\"@id\":\"https:\/\/www.perathai.com.tr\/rezervasyon\/#breadcrumb\"},\"inLanguage\":\"en-US\",\"potentialAction\":[{\"@type\":\"ReadAction\",\"target\":[\"https:\/\/www.perathai.com.tr\/rezervasyon\/\"]}]},{\"@type\":\"BreadcrumbList\",\"@id\":\"https:\/\/www.perathai.com.tr\/rezervasyon\/#breadcrumb\",\"itemListElement\":[{\"@type\":\"ListItem\",\"position\":1,\"name\":\"Ana sayfa\",\"item\":\"https:\/\/www.perathai.com.tr\/\"},{\"@type\":\"ListItem\",\"position\":2,\"name\":\"Rezervasyon\"}]},{\"@type\":\"WebSite\",\"@id\":\"https:\/\/www.perathai.com.tr\/#website\",\"url\":\"https:\/\/www.perathai.com.tr\/\",\"name\":\"Pera Thai\",\"description\":\"Kitchen of Bua Khao\",\"publisher\":{\"@id\":\"https:\/\/www.perathai.com.tr\/#organization\"},\"potentialAction\":[{\"@type\":\"SearchAction\",\"target\":{\"@type\":\"EntryPoint\",\"urlTemplate\":\"https:\/\/www.perathai.com.tr\/?s={search_term_string}\"},\"query-input\":\"required name=search_term_string\"}],\"inLanguage\":\"en-US\"},{\"@type\":\"Organization\",\"@id\":\"https:\/\/www.perathai.com.tr\/#organization\",\"name\":\"Pera Thai\",\"url\":\"https:\/\/www.perathai.com.tr\/\",\"logo\":{\"@type\":\"ImageObject\",\"inLanguage\":\"en-US\",\"@id\":\"https:\/\/www.perathai.com.tr\/#\/schema\/logo\/image\/\",\"url\":\"https:\/\/www.perathai.com.tr\/wp-content\/uploads\/2019\/06\/logoW-1.png\",\"contentUrl\":\"https:\/\/www.perathai.com.tr\/wp-content\/uploads\/2019\/06\/logoW-1.png\",\"width\":305,\"height\":78,\"caption\":\"Pera Thai\"},\"image\":{\"@id\":\"https:\/\/www.perathai.com.tr\/#\/schema\/logo\/image\/\"},\"sameAs\":[\"https:\/\/www.facebook.com\/PeraThai\/\",\"https:\/\/www.instagram.com\/pera_thai\/\"]}]}<\/script>\n<!-- \/ Yoast SEO plugin. -->","yoast_head_json":{"title":"Rezervasyon - Pera Thai","description":"\u015ei\u015fhane metro \u00e7\u0131k\u0131\u015f\u0131 ve vergi dairesinin hemen kar\u015f\u0131s\u0131nda yer alan Pera Thai, siyah tenteli giri\u015fi ve \u015ei\u015fhane meydan\u0131na bakan manzaras\u0131yla rezervasyonlar\u0131n\u0131z\u0131\u00a0bekliyor.","robots":{"index":"index","follow":"follow","max-snippet":"max-snippet:-1","max-image-preview":"max-image-preview:large","max-video-preview":"max-video-preview:-1"},"canonical":"https:\/\/www.perathai.com.tr\/en\/rezervasyon\/","og_locale":"en_US","og_type":"article","og_title":"Rezervasyon - Pera Thai","og_description":"\u015ei\u015fhane metro \u00e7\u0131k\u0131\u015f\u0131 ve vergi dairesinin hemen kar\u015f\u0131s\u0131nda yer alan Pera Thai, siyah tenteli giri\u015fi ve \u015ei\u015fhane meydan\u0131na bakan manzaras\u0131yla rezervasyonlar\u0131n\u0131z\u0131\u00a0bekliyor.","og_url":"https:\/\/www.perathai.com.tr\/en\/rezervasyon\/","og_site_name":"Pera Thai","article_publisher":"https:\/\/www.facebook.com\/PeraThai\/","article_modified_time":"2025-01-31T14:13:59+00:00","twitter_card":"summary_large_image","twitter_misc":{"Est. reading time":"2 minutes"},"schema":{"@context":"https:\/\/schema.org","@graph":[{"@type":"WebPage","@id":"https:\/\/www.perathai.com.tr\/rezervasyon\/","url":"https:\/\/www.perathai.com.tr\/rezervasyon\/","name":"Rezervasyon - Pera Thai","isPartOf":{"@id":"https:\/\/www.perathai.com.tr\/#website"},"datePublished":"2016-07-21T20:37:09+00:00","dateModified":"2025-01-31T14:13:59+00:00","description":"\u015ei\u015fhane metro \u00e7\u0131k\u0131\u015f\u0131 ve vergi dairesinin hemen kar\u015f\u0131s\u0131nda yer alan Pera Thai, siyah tenteli giri\u015fi ve \u015ei\u015fhane meydan\u0131na bakan manzaras\u0131yla rezervasyonlar\u0131n\u0131z\u0131\u00a0bekliyor.","breadcrumb":{"@id":"https:\/\/www.perathai.com.tr\/rezervasyon\/#breadcrumb"},"inLanguage":"en-US","potentialAction":[{"@type":"ReadAction","target":["https:\/\/www.perathai.com.tr\/rezervasyon\/"]}]},{"@type":"BreadcrumbList","@id":"https:\/\/www.perathai.com.tr\/rezervasyon\/#breadcrumb","itemListElement":[{"@type":"ListItem","position":1,"name":"Ana sayfa","item":"https:\/\/www.perathai.com.tr\/"},{"@type":"ListItem","position":2,"name":"Rezervasyon"}]},{"@type":"WebSite","@id":"https:\/\/www.perathai.com.tr\/#website","url":"https:\/\/www.perathai.com.tr\/","name":"Pera Thai","description":"Kitchen of Bua Khao","publisher":{"@id":"https:\/\/www.perathai.com.tr\/#organization"},"potentialAction":[{"@type":"SearchAction","target":{"@type":"EntryPoint","urlTemplate":"https:\/\/www.perathai.com.tr\/?s={search_term_string}"},"query-input":"required name=search_term_string"}],"inLanguage":"en-US"},{"@type":"Organization","@id":"https:\/\/www.perathai.com.tr\/#organization","name":"Pera Thai","url":"https:\/\/www.perathai.com.tr\/","logo":{"@type":"ImageObject","inLanguage":"en-US","@id":"https:\/\/www.perathai.com.tr\/#\/schema\/logo\/image\/","url":"https:\/\/www.perathai.com.tr\/wp-content\/uploads\/2019\/06\/logoW-1.png","contentUrl":"https:\/\/www.perathai.com.tr\/wp-content\/uploads\/2019\/06\/logoW-1.png","width":305,"height":78,"caption":"Pera Thai"},"image":{"@id":"https:\/\/www.perathai.com.tr\/#\/schema\/logo\/image\/"},"sameAs":["https:\/\/www.facebook.com\/PeraThai\/","https:\/\/www.instagram.com\/pera_thai\/"]}]}},"_links":{"self":[{"href":"https:\/\/www.perathai.com.tr\/en\/wp-json\/wp\/v2\/pages\/37"}],"collection":[{"href":"https:\/\/www.perathai.com.tr\/en\/wp-json\/wp\/v2\/pages"}],"about":[{"href":"https:\/\/www.perathai.com.tr\/en\/wp-json\/wp\/v2\/types\/page"}],"author":[{"embeddable":true,"href":"https:\/\/www.perathai.com.tr\/en\/wp-json\/wp\/v2\/users\/1"}],"replies":[{"embeddable":true,"href":"https:\/\/www.perathai.com.tr\/en\/wp-json\/wp\/v2\/comments?post=37"}],"version-history":[{"count":19,"href":"https:\/\/www.perathai.com.tr\/en\/wp-json\/wp\/v2\/pages\/37\/revisions"}],"predecessor-version":[{"id":4024,"href":"https:\/\/www.perathai.com.tr\/en\/wp-json\/wp\/v2\/pages\/37\/revisions\/4024"}],"wp:attachment":[{"href":"https:\/\/www.perathai.com.tr\/en\/wp-json\/wp\/v2\/media?parent=37"}],"curies":[{"name":"wp","href":"https:\/\/api.w.org\/{rel}","templated":true}]}}