{"id":3901,"date":"2024-05-26T20:49:32","date_gmt":"2024-05-26T17:49:32","guid":{"rendered":"https:\/\/www.perathai.com.tr\/?page_id=3901"},"modified":"2024-06-12T20:42:19","modified_gmt":"2024-06-12T17:42:19","slug":"pera-thai-bodrum","status":"publish","type":"page","link":"https:\/\/www.perathai.com.tr\/en\/pera-thai-bodrum\/","title":{"rendered":"PERA THAI Bodrum"},"content":{"rendered":"<div class=\"vc_row wpb_row vc_row-fluid\"><div class=\"wpb_column vc_column_container vc_col-sm-12\"><div class=\"vc_column-inner\"><div class=\"wpb_wrapper\">\n\t<div class=\"wpb_text_column wpb_content_element\" >\n\t\t<div class=\"wpb_wrapper\">\n\t\t\t<p style=\"text-align: center;\"><div class=\"section-title v1\">\n\t\t\t<p class=\"subtitle color-pr-tx\">Kitchen of Buo Khao<\/p>\n\t\t<h3 class=\"font-heading\"> PERA THAI BODRUM<\/h3>\t\t\n<\/div>\n\n\t\t<\/div>\n\t<\/div>\n<\/div><\/div><\/div><\/div><div class=\"vc_row wpb_row vc_row-fluid\"><div class=\"wpb_column vc_column_container vc_col-sm-6\"><div class=\"vc_column-inner\"><div class=\"wpb_wrapper\">\n\t<div class=\"wpb_text_column wpb_content_element\" >\n\t\t<div class=\"wpb_wrapper\">\n\t\t\t<p><strong>Bodrum Dibeklihan\u2019da A\u00e7\u0131ld\u0131!<\/strong><\/p>\n<p><strong><em>Pera Thai Kitchen of Bua Khao<\/em><\/strong><em> ge\u00e7ti\u011fimiz ay <strong>Bodrum Dibeklihan K\u00fclt\u00fcr ve Sanat K\u00f6y\u00fc<\/strong>\u2019nde hizmet vermeye ba\u015flad\u0131. \u0130stanbul\u2019un en eski Tayland restoran\u0131 olan <strong>Pera Thai<\/strong>, 2001 y\u0131l\u0131ndan bu yana Thai yemeklerini sevenler i\u00e7in e\u015fsiz lezzetlere imza at\u0131yor. \u00a0Taze ve asl\u0131na uygun olarak haz\u0131rlanan klasik lezzetler, bu yaz Bodrum gastronomi d\u00fcnyas\u0131na damga vuracak.<\/em><\/p>\n<p>\u0130stanbul\u2019da a\u00e7\u0131ld\u0131\u011f\u0131 ilk g\u00fcnden beri, sade, \u015f\u0131k ve samimi bir atmosferde, iyi vakit ge\u00e7irmek ve e\u015fsiz lezzetleri deneyimlemek isteyenlerin bulu\u015ftu\u011fu bir nokta olan Pera Thai, bu yaz Bodrum Dibeklihan\u2019da sevenleriyle bulu\u015fuyor. 23 y\u0131ll\u0131k gastronomi deneyiminin ard\u0131ndan m\u00fcdavimlerinin yo\u011fun iste\u011fi \u00fczerine Bodrum\u2019da <em>Pera Thai Kitchen of Bua Khao<\/em> ad\u0131 alt\u0131nda hizmet vermeye ba\u015flayan mekan, Tayland mutfa\u011f\u0131n\u0131 sevenleri bir araya getiriyor.<\/p>\n\n\t\t<\/div>\n\t<\/div>\n<\/div><\/div><\/div><div class=\"wpb_column vc_column_container vc_col-sm-6\"><div class=\"vc_column-inner\"><div class=\"wpb_wrapper\">\n\t<div  class=\"wpb_single_image wpb_content_element vc_align_left\">\n\t\t\n\t\t<figure class=\"wpb_wrapper vc_figure\">\n\t\t\t<div class=\"vc_single_image-wrapper   vc_box_border_grey\"><img width=\"830\" height=\"553\" src=\"https:\/\/www.perathai.com.tr\/wp-content\/uploads\/2024\/05\/Pera-Thai-Bodrum-1-830x553.jpeg\" class=\"vc_single_image-img attachment-large\" alt=\"\" loading=\"lazy\" \/><\/div>\n\t\t<\/figure>\n\t<\/div>\n<\/div><\/div><\/div><\/div><div class=\"vc_row wpb_row vc_row-fluid\"><div class=\"wpb_column vc_column_container vc_col-sm-3\"><div class=\"vc_column-inner\"><div class=\"wpb_wrapper\">\n\t<div  class=\"wpb_single_image wpb_content_element vc_align_left\">\n\t\t\n\t\t<figure class=\"wpb_wrapper vc_figure\">\n\t\t\t<div class=\"vc_single_image-wrapper   vc_box_border_grey\"><img width=\"300\" height=\"450\" src=\"https:\/\/www.perathai.com.tr\/wp-content\/uploads\/2024\/05\/Pera-Thai-Bodrum-3-300x450.jpeg\" class=\"vc_single_image-img attachment-medium\" alt=\"\" loading=\"lazy\" \/><\/div>\n\t\t<\/figure>\n\t<\/div>\n<\/div><\/div><\/div><div class=\"wpb_column vc_column_container vc_col-sm-6\"><div class=\"vc_column-inner\"><div class=\"wpb_wrapper\">\n\t<div class=\"wpb_text_column wpb_content_element\" >\n\t\t<div class=\"wpb_wrapper\">\n\t\t\t<p><em>Pera Thai <\/em><em>Kitchen of Bua Khao<\/em>\u2019da, klasik Tayland mutfa\u011f\u0131na ait yemekler, Tayland\u2019dan getirilen malzemelerle taze ve orijinal re\u00e7etelere sad\u0131k kal\u0131narak haz\u0131rlan\u0131yor. Misafirler Pera Thai\u2019de Tayland mutfa\u011f\u0131n\u0131n ac\u0131, tatl\u0131, ek\u015fi ve baharat\u0131n bir arada kullan\u0131lmas\u0131yla elde edilen ve a\u011f\u0131rl\u0131kl\u0131 olarak deniz mahsulleri, aromatik bitkiler, Hindistan cevizi, pirin\u00e7 \u00e7e\u015fitleri ve tropikal meyvelerle harmanlanan yemek ve tatl\u0131lar\u0131n\u0131n yan\u0131 s\u0131ra bar b\u00f6l\u00fcm\u00fcnde haz\u0131rlanan imza kokteyllerle de g\u00fczel bir ak\u015fam ge\u00e7irme imk\u00e2n\u0131 buluyor. T\u00fcm bunlara ek olarak Thai stilinde, k\u00f6m\u00fcr \u0131zgarada pi\u015firilen deniz mahsulleri se\u00e7enekleri de bulunuyor. Restoran\u0131n men\u00fcs\u00fcnde ayr\u0131ca veganlara hitap edebilecek pek \u00e7ok se\u00e7enek de bulunuyor. Bar k\u0131sm\u0131nda ise imza kokteyllerin yan\u0131 s\u0131ra \u015furup kullanmadan yap\u0131lan mekan\u0131n kendine \u00f6zg\u00fc ev yap\u0131m\u0131 gazozlar\u0131 ve so\u011fuk \u00e7aylar\u0131 da misafirlerin e\u015flik\u00e7isi oluyor.<\/p>\n<p>Yaz aylar\u0131nda d\u00fcnyan\u0131n d\u00f6rt bir yan\u0131ndan misafir a\u011f\u0131rlayan Bodrum\u2019un en se\u00e7kin noktalar\u0131ndan biri olan, Bodrum Caz Festivali\u2019ne ev sahipli\u011fi yapan Dibeklihan K\u00fclt\u00fcr ve Sanat K\u00f6y\u00fc\u2019n\u00fcn i\u00e7erisinde, b\u00fcy\u00fcleyici bir atmosfere sahip olan <em>Pera Thai <\/em><em>Kitchen of Bua Khao<\/em>\u2019da misafirleri sakin, huzurlu bir atmosfer bekliyor. Mekan, s\u0131cak yaz g\u00fcnlerinde, a\u011fa\u00e7 g\u00f6lgelerinin serinli\u011finde, Bodrum\u2019un kalabal\u0131\u011f\u0131ndan ve trafi\u011finden uzakta adeta bir ka\u00e7\u0131\u015f noktas\u0131. Misafirler kusursuz lezzetleri deneyimlerken, mekan\u0131n gizli bir bah\u00e7e hissiyat\u0131 ta\u015f\u0131yan atmosferinde, keyifli yaz ak\u015famlar\u0131n\u0131n tad\u0131n\u0131 \u00e7\u0131karacak. Dibeklihan K\u00fclt\u00fcr ve Sanat K\u00f6y\u00fc\u2019n\u00fcn m\u00fcdavimi sanatseverler, galerileri gezip ard\u0131ndan <em>Pera Thai <\/em><em>Kitchen of Bua Khao<\/em>\u2019da tatl\u0131 bir mola verebilecek.<\/p>\n\n\t\t<\/div>\n\t<\/div>\n<\/div><\/div><\/div><div class=\"wpb_column vc_column_container vc_col-sm-3\"><div class=\"vc_column-inner\"><div class=\"wpb_wrapper\">\n\t<div  class=\"wpb_single_image wpb_content_element vc_align_left\">\n\t\t\n\t\t<figure class=\"wpb_wrapper vc_figure\">\n\t\t\t<div class=\"vc_single_image-wrapper   vc_box_border_grey\"><img width=\"300\" height=\"450\" src=\"https:\/\/www.perathai.com.tr\/wp-content\/uploads\/2024\/05\/Pera-Thai-Bodrum-2-300x450.jpeg\" class=\"vc_single_image-img attachment-medium\" alt=\"\" loading=\"lazy\" \/><\/div>\n\t\t<\/figure>\n\t<\/div>\n<\/div><\/div><\/div><\/div><div class=\"vc_row wpb_row vc_row-fluid\"><div class=\"wpb_column vc_column_container vc_col-sm-6\"><div class=\"vc_column-inner\"><div class=\"wpb_wrapper\">\n\t<div  class=\"wpb_single_image wpb_content_element vc_align_left\">\n\t\t\n\t\t<figure class=\"wpb_wrapper vc_figure\">\n\t\t\t<div class=\"vc_single_image-wrapper   vc_box_border_grey\"><img width=\"830\" height=\"553\" src=\"https:\/\/www.perathai.com.tr\/wp-content\/uploads\/2024\/05\/Pera-Thai-Bodrum-1-830x553.jpeg\" class=\"vc_single_image-img attachment-large\" alt=\"\" loading=\"lazy\" \/><\/div>\n\t\t<\/figure>\n\t<\/div>\n<\/div><\/div><\/div><div class=\"wpb_column vc_column_container vc_col-sm-6\"><div class=\"vc_column-inner\"><div class=\"wpb_wrapper\">\n\t<div class=\"wpb_text_column wpb_content_element\" >\n\t\t<div class=\"wpb_wrapper\">\n\t\t\t<p><em>Pera Thai <\/em><em>Kitchen of Bua Khao<\/em>\u2019n\u0131n men\u00fcs\u00fcnde birbirinden lezzetli bir\u00e7ok se\u00e7enek bulunuyor. Ana men\u00fcde yer alan Por Pia Tod, Chup Pang Tod, Dim Sum, Tod Pun Pla gibi Thai mutfa\u011f\u0131n\u0131n olmazda olmaz lezzetlerinin yan\u0131 s\u0131ra, Tom Yam, Tom Ka \u00e7orba \u00e7e\u015fitleri ve Som Tam Papaya, Yum Woon Sen, Yum Neua Yang gibi salata se\u00e7kileri de bulunuyor. Ayr\u0131ca Tahi usul\u00fc k\u00f6riler, noodle yemekleri, pilavlar, \u0131zgara \u00e7e\u015fitleri ve spesiyal yemekler de men\u00fcde dikkat \u00e7ekiyor. Tatl\u0131 men\u00fcs\u00fcnde ise s\u0131cak yaz g\u00fcnlerinin e\u015flik\u00e7isi sorbet \u00e7e\u015fitleri, Thai usul\u00fc puding ve Mochi Aisa Khrim de \u00f6ne \u00e7\u0131kan lezzetler aras\u0131nda yer al\u0131yor.<\/p>\n<p><em>Pera Thai <\/em><em>Kitchen of Bua Khao<\/em>, bu yaz Bodrum\u2019un tad\u0131n\u0131 Dibeklihan K\u00fclt\u00fcr ve Sanat K\u00f6y\u00fc\u2019n\u00fcn huzurlu, sakin ve keyifli noktas\u0131nda, e\u015fsiz ve kusursuz lezzetleri deneyimleyerek ge\u00e7irmek isteyen misafirlerini bekliyor.<\/p>\n\n\t\t<\/div>\n\t<\/div>\n<\/div><\/div><\/div><\/div><div class=\"vc_row wpb_row vc_row-fluid\"><div class=\"wpb_column vc_column_container vc_col-sm-8\"><div class=\"vc_column-inner\"><div class=\"wpb_wrapper\">\n\t<div class=\"wpb_text_column wpb_content_element\" >\n\t\t<div class=\"wpb_wrapper\">\n\t\t\t<h3><strong>PERA THAI Hakk\u0131nda<\/strong><\/h3>\n<p>\u0130stanbul\u2019un en eski Tayland restoran\u0131 Pera Thai, 2001 y\u0131l\u0131nda a\u00e7\u0131ld\u0131. Klasik lezzetler, Taylandl\u0131 kad\u0131n a\u015f\u00e7\u0131lar taraf\u0131ndan, taze ve asl\u0131na uygun olarak haz\u0131rlan\u0131yor.<\/p>\n<p>Home-made curries and the rest of the menu are cooked by Thai women chefs using ingredients from \u0130stanbul and Thailand. Pera Thai became a dining spot for a pleasant break with its simple, elegant and friendly environment.<\/p>\n<p>Pera Thai was instantly voted best Thai restaurant in Istanbul and still continues to enjoy receiving local and international awards and reviews. .<\/p>\n\n\t\t<\/div>\n\t<\/div>\n<\/div><\/div><\/div><div class=\"wpb_column vc_column_container vc_col-sm-4\"><div class=\"vc_column-inner\"><div class=\"wpb_wrapper\">\n\t<div  class=\"wpb_single_image wpb_content_element vc_align_left\">\n\t\t\n\t\t<figure class=\"wpb_wrapper vc_figure\">\n\t\t\t<div class=\"vc_single_image-wrapper   vc_box_border_grey\"><img width=\"296\" height=\"137\" src=\"https:\/\/www.perathai.com.tr\/wp-content\/uploads\/2019\/06\/odul.jpg\" class=\"vc_single_image-img attachment-thumbnail\" alt=\"\" loading=\"lazy\" \/><\/div>\n\t\t<\/figure>\n\t<\/div>\n<\/div><\/div><\/div><\/div><div class=\"vc_row wpb_row vc_row-fluid\"><div class=\"wpb_column vc_column_container vc_col-sm-3\"><div class=\"vc_column-inner\"><div class=\"wpb_wrapper\"><\/div><\/div><\/div><div class=\"wpb_column vc_column_container vc_col-sm-3\"><div class=\"vc_column-inner\"><div class=\"wpb_wrapper\">\n\t<div  class=\"wpb_single_image wpb_content_element vc_align_left\">\n\t\t\n\t\t<figure class=\"wpb_wrapper vc_figure\">\n\t\t\t<div class=\"vc_single_image-wrapper   vc_box_border_grey\"><img width=\"370\" height=\"247\" src=\"https:\/\/www.perathai.com.tr\/wp-content\/uploads\/2019\/06\/sertifikab-370x247.jpg\" class=\"vc_single_image-img attachment-thumbnail\" alt=\"\" loading=\"lazy\" \/><\/div>\n\t\t<\/figure>\n\t<\/div>\n<\/div><\/div><\/div><div class=\"wpb_column vc_column_container vc_col-sm-3\"><div class=\"vc_column-inner\"><div class=\"wpb_wrapper\">\n\t<div  class=\"wpb_single_image wpb_content_element vc_align_left\">\n\t\t\n\t\t<figure class=\"wpb_wrapper vc_figure\">\n\t\t\t<div class=\"vc_single_image-wrapper   vc_box_border_grey\"><img width=\"152\" height=\"124\" src=\"https:\/\/www.perathai.com.tr\/wp-content\/uploads\/2019\/06\/CoE2017_WidgetAsset-14348-2.png\" class=\"vc_single_image-img attachment-thumbnail\" alt=\"\" loading=\"lazy\" \/><\/div>\n\t\t<\/figure>\n\t<\/div>\n<\/div><\/div><\/div><div class=\"wpb_column vc_column_container vc_col-sm-3\"><div class=\"vc_column-inner\"><div class=\"wpb_wrapper\"><\/div><\/div><\/div><\/div><div class=\"vc_row wpb_row vc_row-fluid\"><div class=\"wpb_column vc_column_container vc_col-sm-12\"><div class=\"vc_column-inner\"><div class=\"wpb_wrapper\">\n\t<div class=\"wpb_text_column wpb_content_element\" >\n\t\t<div class=\"wpb_wrapper\">\n\t\t\t<h3><strong>Dibeklihan K\u00fclt\u00fcr ve Sanat K\u00f6y\u00fc Hakk\u0131nda<\/strong><\/h3>\n<p><em>Ortakent\u2019teki kav\u015faktan Yal\u0131kavak y\u00f6n\u00fcne d\u00f6n\u00fcp, Yal\u0131kavak yoluna girdikten 2 km sonra soldan Yakak\u00f6y\u2019e bir yol ayr\u0131l\u0131r. Bu ayr\u0131mdan itibaren 1500 m sonra sa\u011fda, do\u011fa ile b\u00fct\u00fcnle\u015fmi\u015f bir ta\u015f yap\u0131 ile kar\u015f\u0131la\u015f\u0131rs\u0131n\u0131z. Otopark giri\u015findeki ta\u015ftan babalar \u00fczerindeki iki b\u00fcy\u00fck yo\u011furt dibe\u011fi bu yap\u0131ya ad\u0131n\u0131 verir: Dibeklihan\u2026 Sergiler, konserler gibi \u00e7e\u015fitli sanatsal etkinliklerin yan\u0131 s\u0131ra ni\u015fan, d\u00fc\u011f\u00fcn, davet benzeri organizasyonlara da ev sahipli\u011fi yapan mekanlar\u0131 ve sergi salonlar\u0131 ile a\u011f\u0131rl\u0131kl\u0131 olarak yaz aylar\u0131nda hizmet veren Dibeklihan K\u00fclt\u00fcr ve Sanat K\u00f6y\u00fc, insan\u0131m\u0131z\u0131n ge\u00e7mi\u015fte ve g\u00fcn\u00fcm\u00fczde \u00fcretti\u011fi g\u00fczelliklerin sergilenmesi ve bu g\u00fczelliklere g\u00f6n\u00fcl verenlerin bulu\u015fma noktas\u0131 olmas\u0131 arzusuyla planlanm\u0131\u015f, k\u00fclt\u00fcr\u00fcm\u00fcze ve do\u011faya sayg\u0131l\u0131 bir mekand\u0131r.<\/em><\/p>\n<p style=\"text-align: center;\"><strong>Rezervasyon \u0130\u00e7in:<\/strong> 555 878 33 61<\/p>\n<p style=\"text-align: center;\"><strong>Instagram:<\/strong> <a href=\"https:\/\/www.instagram.com\/perathaibodrum\/\">@perathaibodrum<\/a><\/p>\n\n\t\t<\/div>\n\t<\/div>\n<\/div><\/div><\/div><\/div><div class=\"vc_row wpb_row vc_row-fluid\"><div class=\"wpb_column vc_column_container vc_col-sm-12\"><div class=\"vc_column-inner\"><div class=\"wpb_wrapper\">\n\t<div class=\"wpb_text_column wpb_content_element\" >\n\t\t<div class=\"wpb_wrapper\">\n\t\t\t<p><iframe loading=\"lazy\" style=\"border: 0;\" src=\"https:\/\/www.google.com\/maps\/embed?pb=!1m18!1m12!1m3!1d473.24549719497963!2d27.329469543476122!3d37.06692996458601!2m3!1f0!2f0!3f0!3m2!1i1024!2i768!4f13.1!3m3!1m2!1s0x14be73bc77145e37%3A0x48c046d373d51702!2sPera%20Thai%20Bodrum!5e0!3m2!1str!2str!4v1718214360042!5m2!1str!2str\" width=\"100%\" height=\"450\" allowfullscreen=\"allowfullscreen\"><span data-mce-type=\"bookmark\" style=\"display: inline-block; width: 0px; overflow: hidden; line-height: 0;\" class=\"mce_SELRES_start\"><\/span><\/iframe><\/p>\n\n\t\t<\/div>\n\t<\/div>\n<\/div><\/div><\/div><\/div>","protected":false},"excerpt":{"rendered":"Kitchen of Buo Khao PERA THAI BODRUM Bodrum Dibeklihan\u2019da A\u00e7\u0131ld\u0131! Pera Thai Kitchen of Bua Khao ge\u00e7ti\u011fimiz ay Bodrum Dibeklihan K\u00fclt\u00fcr ve Sanat K\u00f6y\u00fc\u2019nde hizmet vermeye ba\u015flad\u0131. \u0130stanbul\u2019un en eski...","protected":false},"author":1,"featured_media":3911,"parent":0,"menu_order":0,"comment_status":"closed","ping_status":"closed","template":"","meta":[],"yoast_head":"<!-- This site is optimized with the Yoast SEO plugin v20.4 - https:\/\/yoast.com\/wordpress\/plugins\/seo\/ -->\n<title>PERA THAI Bodrum - Pera Thai<\/title>\n<meta name=\"robots\" content=\"index, follow, max-snippet:-1, max-image-preview:large, max-video-preview:-1\" \/>\n<link rel=\"canonical\" href=\"https:\/\/www.perathai.com.tr\/en\/pera-thai-bodrum\/\" \/>\n<meta property=\"og:locale\" content=\"en_US\" \/>\n<meta property=\"og:type\" content=\"article\" \/>\n<meta property=\"og:title\" content=\"PERA THAI Bodrum - Pera Thai\" \/>\n<meta property=\"og:url\" content=\"https:\/\/www.perathai.com.tr\/en\/pera-thai-bodrum\/\" \/>\n<meta property=\"og:site_name\" content=\"Pera Thai\" \/>\n<meta property=\"article:publisher\" content=\"https:\/\/www.facebook.com\/PeraThai\/\" \/>\n<meta property=\"article:modified_time\" content=\"2024-06-12T17:42:19+00:00\" \/>\n<meta property=\"og:image\" content=\"https:\/\/www.perathai.com.tr\/wp-content\/uploads\/2024\/05\/Pera-Thai-Bodrum-1.jpeg\" \/>\n\t<meta property=\"og:image:width\" content=\"1620\" \/>\n\t<meta property=\"og:image:height\" content=\"1080\" \/>\n\t<meta property=\"og:image:type\" content=\"image\/jpeg\" \/>\n<meta name=\"twitter:card\" content=\"summary_large_image\" \/>\n<meta name=\"twitter:label1\" content=\"Est. reading time\" \/>\n\t<meta name=\"twitter:data1\" content=\"5 minutes\" \/>\n<script type=\"application\/ld+json\" class=\"yoast-schema-graph\">{\"@context\":\"https:\/\/schema.org\",\"@graph\":[{\"@type\":\"WebPage\",\"@id\":\"https:\/\/www.perathai.com.tr\/pera-thai-bodrum\/\",\"url\":\"https:\/\/www.perathai.com.tr\/pera-thai-bodrum\/\",\"name\":\"PERA THAI Bodrum - Pera Thai\",\"isPartOf\":{\"@id\":\"https:\/\/www.perathai.com.tr\/#website\"},\"datePublished\":\"2024-05-26T17:49:32+00:00\",\"dateModified\":\"2024-06-12T17:42:19+00:00\",\"breadcrumb\":{\"@id\":\"https:\/\/www.perathai.com.tr\/pera-thai-bodrum\/#breadcrumb\"},\"inLanguage\":\"en-US\",\"potentialAction\":[{\"@type\":\"ReadAction\",\"target\":[\"https:\/\/www.perathai.com.tr\/pera-thai-bodrum\/\"]}]},{\"@type\":\"BreadcrumbList\",\"@id\":\"https:\/\/www.perathai.com.tr\/pera-thai-bodrum\/#breadcrumb\",\"itemListElement\":[{\"@type\":\"ListItem\",\"position\":1,\"name\":\"Ana sayfa\",\"item\":\"https:\/\/www.perathai.com.tr\/\"},{\"@type\":\"ListItem\",\"position\":2,\"name\":\"PERA THAI Bodrum\"}]},{\"@type\":\"WebSite\",\"@id\":\"https:\/\/www.perathai.com.tr\/#website\",\"url\":\"https:\/\/www.perathai.com.tr\/\",\"name\":\"Pera Thai\",\"description\":\"Kitchen of Bua Khao\",\"publisher\":{\"@id\":\"https:\/\/www.perathai.com.tr\/#organization\"},\"potentialAction\":[{\"@type\":\"SearchAction\",\"target\":{\"@type\":\"EntryPoint\",\"urlTemplate\":\"https:\/\/www.perathai.com.tr\/?s={search_term_string}\"},\"query-input\":\"required name=search_term_string\"}],\"inLanguage\":\"en-US\"},{\"@type\":\"Organization\",\"@id\":\"https:\/\/www.perathai.com.tr\/#organization\",\"name\":\"Pera Thai\",\"url\":\"https:\/\/www.perathai.com.tr\/\",\"logo\":{\"@type\":\"ImageObject\",\"inLanguage\":\"en-US\",\"@id\":\"https:\/\/www.perathai.com.tr\/#\/schema\/logo\/image\/\",\"url\":\"https:\/\/www.perathai.com.tr\/wp-content\/uploads\/2019\/06\/logoW-1.png\",\"contentUrl\":\"https:\/\/www.perathai.com.tr\/wp-content\/uploads\/2019\/06\/logoW-1.png\",\"width\":305,\"height\":78,\"caption\":\"Pera Thai\"},\"image\":{\"@id\":\"https:\/\/www.perathai.com.tr\/#\/schema\/logo\/image\/\"},\"sameAs\":[\"https:\/\/www.facebook.com\/PeraThai\/\",\"https:\/\/www.instagram.com\/pera_thai\/\"]}]}<\/script>\n<!-- \/ Yoast SEO plugin. -->","yoast_head_json":{"title":"PERA THAI Bodrum - Pera Thai","robots":{"index":"index","follow":"follow","max-snippet":"max-snippet:-1","max-image-preview":"max-image-preview:large","max-video-preview":"max-video-preview:-1"},"canonical":"https:\/\/www.perathai.com.tr\/en\/pera-thai-bodrum\/","og_locale":"en_US","og_type":"article","og_title":"PERA THAI Bodrum - Pera Thai","og_url":"https:\/\/www.perathai.com.tr\/en\/pera-thai-bodrum\/","og_site_name":"Pera Thai","article_publisher":"https:\/\/www.facebook.com\/PeraThai\/","article_modified_time":"2024-06-12T17:42:19+00:00","og_image":[{"width":1620,"height":1080,"url":"https:\/\/www.perathai.com.tr\/wp-content\/uploads\/2024\/05\/Pera-Thai-Bodrum-1.jpeg","type":"image\/jpeg"}],"twitter_card":"summary_large_image","twitter_misc":{"Est. reading time":"5 minutes"},"schema":{"@context":"https:\/\/schema.org","@graph":[{"@type":"WebPage","@id":"https:\/\/www.perathai.com.tr\/pera-thai-bodrum\/","url":"https:\/\/www.perathai.com.tr\/pera-thai-bodrum\/","name":"PERA THAI Bodrum - Pera Thai","isPartOf":{"@id":"https:\/\/www.perathai.com.tr\/#website"},"datePublished":"2024-05-26T17:49:32+00:00","dateModified":"2024-06-12T17:42:19+00:00","breadcrumb":{"@id":"https:\/\/www.perathai.com.tr\/pera-thai-bodrum\/#breadcrumb"},"inLanguage":"en-US","potentialAction":[{"@type":"ReadAction","target":["https:\/\/www.perathai.com.tr\/pera-thai-bodrum\/"]}]},{"@type":"BreadcrumbList","@id":"https:\/\/www.perathai.com.tr\/pera-thai-bodrum\/#breadcrumb","itemListElement":[{"@type":"ListItem","position":1,"name":"Ana sayfa","item":"https:\/\/www.perathai.com.tr\/"},{"@type":"ListItem","position":2,"name":"PERA THAI Bodrum"}]},{"@type":"WebSite","@id":"https:\/\/www.perathai.com.tr\/#website","url":"https:\/\/www.perathai.com.tr\/","name":"Pera Thai","description":"Kitchen of Bua Khao","publisher":{"@id":"https:\/\/www.perathai.com.tr\/#organization"},"potentialAction":[{"@type":"SearchAction","target":{"@type":"EntryPoint","urlTemplate":"https:\/\/www.perathai.com.tr\/?s={search_term_string}"},"query-input":"required name=search_term_string"}],"inLanguage":"en-US"},{"@type":"Organization","@id":"https:\/\/www.perathai.com.tr\/#organization","name":"Pera Thai","url":"https:\/\/www.perathai.com.tr\/","logo":{"@type":"ImageObject","inLanguage":"en-US","@id":"https:\/\/www.perathai.com.tr\/#\/schema\/logo\/image\/","url":"https:\/\/www.perathai.com.tr\/wp-content\/uploads\/2019\/06\/logoW-1.png","contentUrl":"https:\/\/www.perathai.com.tr\/wp-content\/uploads\/2019\/06\/logoW-1.png","width":305,"height":78,"caption":"Pera Thai"},"image":{"@id":"https:\/\/www.perathai.com.tr\/#\/schema\/logo\/image\/"},"sameAs":["https:\/\/www.facebook.com\/PeraThai\/","https:\/\/www.instagram.com\/pera_thai\/"]}]}},"_links":{"self":[{"href":"https:\/\/www.perathai.com.tr\/en\/wp-json\/wp\/v2\/pages\/3901"}],"collection":[{"href":"https:\/\/www.perathai.com.tr\/en\/wp-json\/wp\/v2\/pages"}],"about":[{"href":"https:\/\/www.perathai.com.tr\/en\/wp-json\/wp\/v2\/types\/page"}],"author":[{"embeddable":true,"href":"https:\/\/www.perathai.com.tr\/en\/wp-json\/wp\/v2\/users\/1"}],"replies":[{"embeddable":true,"href":"https:\/\/www.perathai.com.tr\/en\/wp-json\/wp\/v2\/comments?post=3901"}],"version-history":[{"count":15,"href":"https:\/\/www.perathai.com.tr\/en\/wp-json\/wp\/v2\/pages\/3901\/revisions"}],"predecessor-version":[{"id":3924,"href":"https:\/\/www.perathai.com.tr\/en\/wp-json\/wp\/v2\/pages\/3901\/revisions\/3924"}],"wp:featuredmedia":[{"embeddable":true,"href":"https:\/\/www.perathai.com.tr\/en\/wp-json\/wp\/v2\/media\/3911"}],"wp:attachment":[{"href":"https:\/\/www.perathai.com.tr\/en\/wp-json\/wp\/v2\/media?parent=3901"}],"curies":[{"name":"wp","href":"https:\/\/api.w.org\/{rel}","templated":true}]}}