{"id":878,"date":"2019-06-18T23:08:03","date_gmt":"2019-06-18T20:08:03","guid":{"rendered":"http:\/\/www.perathai.com.tr\/?page_id=878"},"modified":"2021-10-06T16:05:46","modified_gmt":"2021-10-06T13:05:46","slug":"hakkimizda","status":"publish","type":"page","link":"https:\/\/www.perathai.com.tr\/en\/hakkimizda\/","title":{"rendered":"ABOUT US"},"content":{"rendered":"<div class=\"vc_row wpb_row vc_row-fluid\"><div class=\"wpb_column vc_column_container vc_col-sm-12\"><div class=\"vc_column-inner\"><div class=\"wpb_wrapper\">\n\t<div class=\"wpb_text_column wpb_content_element\" >\n\t\t<div class=\"wpb_wrapper\">\n\t\t\t<p style=\"text-align: center;\"><div class=\"section-title v1\">\n\t\t\t<p class=\"subtitle color-pr-tx\">Kitchen of Buo Khao<\/p>\n\t\t<h3 class=\"font-heading\"> PERA THAI<\/h3>\t\t\n<\/div>\n\n\t\t<\/div>\n\t<\/div>\n<\/div><\/div><\/div><\/div><div class=\"vc_row wpb_row vc_row-fluid\"><div class=\"wpb_column vc_column_container vc_col-sm-3\"><div class=\"vc_column-inner\"><div class=\"wpb_wrapper\">\n\t<div class=\"wpb_text_column wpb_content_element\" >\n\t\t<div class=\"wpb_wrapper\">\n\t\t\t<p><strong>Thai SELECT Signature<\/strong><br \/>\nThe symbol is granted to restaurants that serve authentic Thai food with a taste of premium quality, refined decoration and excellent service<\/p>\n\n\t\t<\/div>\n\t<\/div>\n<\/div><\/div><\/div><div class=\"wpb_column vc_column_container vc_col-sm-3\"><div class=\"vc_column-inner\"><div class=\"wpb_wrapper\">\n\t<div  class=\"wpb_single_image wpb_content_element vc_align_center\">\n\t\t\n\t\t<figure class=\"wpb_wrapper vc_figure\">\n\t\t\t<a class=\"\" data-lightbox=\"lightbox[rel-878-2312673818]\" href=\"https:\/\/www.perathai.com.tr\/wp-content\/uploads\/2021\/09\/Odul-1-830x623.jpeg\" target=\"_self\"><img width=\"370\" height=\"247\" src=\"https:\/\/www.perathai.com.tr\/wp-content\/uploads\/2021\/09\/Odul-1-370x247.jpeg\" class=\"vc_single_image-img attachment-thumbnail\" alt=\"\" loading=\"lazy\" \/><\/a>\n\t\t<\/figure>\n\t<\/div>\n<\/div><\/div><\/div><div class=\"wpb_column vc_column_container vc_col-sm-3\"><div class=\"vc_column-inner\"><div class=\"wpb_wrapper\">\n\t<div  class=\"wpb_single_image wpb_content_element vc_align_center\">\n\t\t\n\t\t<figure class=\"wpb_wrapper vc_figure\">\n\t\t\t<a class=\"\" data-lightbox=\"lightbox[rel-878-3578025589]\" href=\"https:\/\/www.perathai.com.tr\/wp-content\/uploads\/2021\/10\/Thai-Belge-830x467.jpeg\" target=\"_self\"><img width=\"370\" height=\"247\" src=\"https:\/\/www.perathai.com.tr\/wp-content\/uploads\/2021\/10\/Thai-Belge-370x247.jpeg\" class=\"vc_single_image-img attachment-thumbnail\" alt=\"\" loading=\"lazy\" \/><\/a>\n\t\t<\/figure>\n\t<\/div>\n<\/div><\/div><\/div><div class=\"wpb_column vc_column_container vc_col-sm-3\"><div class=\"vc_column-inner\"><div class=\"wpb_wrapper\">\n\t<div  class=\"wpb_single_image wpb_content_element vc_align_left\">\n\t\t\n\t\t<figure class=\"wpb_wrapper vc_figure\">\n\t\t\t<div class=\"vc_single_image-wrapper   vc_box_border_grey\"><img width=\"370\" height=\"247\" src=\"https:\/\/www.perathai.com.tr\/wp-content\/uploads\/2021\/09\/Odul-3-370x247.jpeg\" class=\"vc_single_image-img attachment-thumbnail\" alt=\"\" loading=\"lazy\" \/><\/div>\n\t\t<\/figure>\n\t<\/div>\n<\/div><\/div><\/div><\/div><div class=\"vc_row wpb_row vc_row-fluid\"><div class=\"wpb_column vc_column_container vc_col-sm-8\"><div class=\"vc_column-inner\"><div class=\"wpb_wrapper\">\n\t<div class=\"wpb_text_column wpb_content_element\" >\n\t\t<div class=\"wpb_wrapper\">\n\t\t\t<p>\u0130stanbul\u2019un en eski Tayland restoran\u0131 Pera Thai, 2001 y\u0131l\u0131nda a\u00e7\u0131ld\u0131. Klasik lezzetler, Taylandl\u0131 kad\u0131n a\u015f\u00e7\u0131lar taraf\u0131ndan, taze ve asl\u0131na uygun olarak haz\u0131rlan\u0131yor.<\/p>\n<p>Home-made curries and the rest of the menu are cooked by Thai women chefs using ingredients from \u0130stanbul and Thailand. Pera Thai became a dining spot for a pleasant break with its simple, elegant and friendly environment.<\/p>\n<p>Pera Thai was instantly voted best Thai restaurant in Istanbul and still continues to enjoy receiving local and international awards and reviews. .<\/p>\n\n\t\t<\/div>\n\t<\/div>\n<\/div><\/div><\/div><div class=\"wpb_column vc_column_container vc_col-sm-4\"><div class=\"vc_column-inner\"><div class=\"wpb_wrapper\">\n\t<div  class=\"wpb_single_image wpb_content_element vc_align_left\">\n\t\t\n\t\t<figure class=\"wpb_wrapper vc_figure\">\n\t\t\t<div class=\"vc_single_image-wrapper   vc_box_border_grey\"><img width=\"296\" height=\"137\" src=\"https:\/\/www.perathai.com.tr\/wp-content\/uploads\/2019\/06\/odul.jpg\" class=\"vc_single_image-img attachment-thumbnail\" alt=\"\" loading=\"lazy\" \/><\/div>\n\t\t<\/figure>\n\t<\/div>\n<\/div><\/div><\/div><\/div><div class=\"vc_row wpb_row vc_row-fluid\"><div class=\"wpb_column vc_column_container vc_col-sm-3\"><div class=\"vc_column-inner\"><div class=\"wpb_wrapper\"><\/div><\/div><\/div><div class=\"wpb_column vc_column_container vc_col-sm-3\"><div class=\"vc_column-inner\"><div class=\"wpb_wrapper\">\n\t<div  class=\"wpb_single_image wpb_content_element vc_align_left\">\n\t\t\n\t\t<figure class=\"wpb_wrapper vc_figure\">\n\t\t\t<div class=\"vc_single_image-wrapper   vc_box_border_grey\"><img width=\"370\" height=\"247\" src=\"https:\/\/www.perathai.com.tr\/wp-content\/uploads\/2019\/06\/sertifikab-370x247.jpg\" class=\"vc_single_image-img attachment-thumbnail\" alt=\"\" loading=\"lazy\" \/><\/div>\n\t\t<\/figure>\n\t<\/div>\n<\/div><\/div><\/div><div class=\"wpb_column vc_column_container vc_col-sm-3\"><div class=\"vc_column-inner\"><div class=\"wpb_wrapper\">\n\t<div  class=\"wpb_single_image wpb_content_element vc_align_left\">\n\t\t\n\t\t<figure class=\"wpb_wrapper vc_figure\">\n\t\t\t<div class=\"vc_single_image-wrapper   vc_box_border_grey\"><img width=\"152\" height=\"124\" src=\"https:\/\/www.perathai.com.tr\/wp-content\/uploads\/2019\/06\/CoE2017_WidgetAsset-14348-2.png\" class=\"vc_single_image-img attachment-thumbnail\" alt=\"\" loading=\"lazy\" \/><\/div>\n\t\t<\/figure>\n\t<\/div>\n<\/div><\/div><\/div><div class=\"wpb_column vc_column_container vc_col-sm-3\"><div class=\"vc_column-inner\"><div class=\"wpb_wrapper\"><\/div><\/div><\/div><\/div>","protected":false},"excerpt":{"rendered":"Kitchen of Buo Khao PERA THAI Thai SELECT Signature The symbol is granted to restaurants that serve authentic Thai food with a taste of premium quality, refined decoration and excellent...","protected":false},"author":1,"featured_media":0,"parent":0,"menu_order":0,"comment_status":"closed","ping_status":"closed","template":"","meta":[],"yoast_head":"<!-- This site is optimized with the Yoast SEO plugin v20.4 - https:\/\/yoast.com\/wordpress\/plugins\/seo\/ -->\n<title>Hakk\u0131m\u0131zda - Pera Thai<\/title>\n<meta name=\"robots\" content=\"index, follow, max-snippet:-1, max-image-preview:large, max-video-preview:-1\" \/>\n<link rel=\"canonical\" href=\"https:\/\/www.perathai.com.tr\/en\/hakkimizda\/\" \/>\n<meta property=\"og:locale\" content=\"en_US\" \/>\n<meta property=\"og:type\" content=\"article\" \/>\n<meta property=\"og:title\" content=\"Hakk\u0131m\u0131zda - Pera Thai\" \/>\n<meta property=\"og:url\" content=\"https:\/\/www.perathai.com.tr\/en\/hakkimizda\/\" \/>\n<meta property=\"og:site_name\" content=\"Pera Thai\" \/>\n<meta property=\"article:publisher\" content=\"https:\/\/www.facebook.com\/PeraThai\/\" \/>\n<meta property=\"article:modified_time\" content=\"2021-10-06T13:05:46+00:00\" \/>\n<meta name=\"twitter:card\" content=\"summary_large_image\" \/>\n<meta name=\"twitter:label1\" content=\"Est. reading time\" \/>\n\t<meta name=\"twitter:data1\" content=\"1 minute\" \/>\n<script type=\"application\/ld+json\" class=\"yoast-schema-graph\">{\"@context\":\"https:\/\/schema.org\",\"@graph\":[{\"@type\":\"WebPage\",\"@id\":\"https:\/\/www.perathai.com.tr\/hakkimizda\/\",\"url\":\"https:\/\/www.perathai.com.tr\/hakkimizda\/\",\"name\":\"Hakk\u0131m\u0131zda - Pera Thai\",\"isPartOf\":{\"@id\":\"https:\/\/www.perathai.com.tr\/#website\"},\"datePublished\":\"2019-06-18T20:08:03+00:00\",\"dateModified\":\"2021-10-06T13:05:46+00:00\",\"breadcrumb\":{\"@id\":\"https:\/\/www.perathai.com.tr\/hakkimizda\/#breadcrumb\"},\"inLanguage\":\"en-US\",\"potentialAction\":[{\"@type\":\"ReadAction\",\"target\":[\"https:\/\/www.perathai.com.tr\/hakkimizda\/\"]}]},{\"@type\":\"BreadcrumbList\",\"@id\":\"https:\/\/www.perathai.com.tr\/hakkimizda\/#breadcrumb\",\"itemListElement\":[{\"@type\":\"ListItem\",\"position\":1,\"name\":\"Ana sayfa\",\"item\":\"https:\/\/www.perathai.com.tr\/\"},{\"@type\":\"ListItem\",\"position\":2,\"name\":\"Hakk\u0131m\u0131zda\"}]},{\"@type\":\"WebSite\",\"@id\":\"https:\/\/www.perathai.com.tr\/#website\",\"url\":\"https:\/\/www.perathai.com.tr\/\",\"name\":\"Pera Thai\",\"description\":\"Kitchen of Bua Khao\",\"publisher\":{\"@id\":\"https:\/\/www.perathai.com.tr\/#organization\"},\"potentialAction\":[{\"@type\":\"SearchAction\",\"target\":{\"@type\":\"EntryPoint\",\"urlTemplate\":\"https:\/\/www.perathai.com.tr\/?s={search_term_string}\"},\"query-input\":\"required name=search_term_string\"}],\"inLanguage\":\"en-US\"},{\"@type\":\"Organization\",\"@id\":\"https:\/\/www.perathai.com.tr\/#organization\",\"name\":\"Pera Thai\",\"url\":\"https:\/\/www.perathai.com.tr\/\",\"logo\":{\"@type\":\"ImageObject\",\"inLanguage\":\"en-US\",\"@id\":\"https:\/\/www.perathai.com.tr\/#\/schema\/logo\/image\/\",\"url\":\"https:\/\/www.perathai.com.tr\/wp-content\/uploads\/2019\/06\/logoW-1.png\",\"contentUrl\":\"https:\/\/www.perathai.com.tr\/wp-content\/uploads\/2019\/06\/logoW-1.png\",\"width\":305,\"height\":78,\"caption\":\"Pera Thai\"},\"image\":{\"@id\":\"https:\/\/www.perathai.com.tr\/#\/schema\/logo\/image\/\"},\"sameAs\":[\"https:\/\/www.facebook.com\/PeraThai\/\",\"https:\/\/www.instagram.com\/pera_thai\/\"]}]}<\/script>\n<!-- \/ Yoast SEO plugin. -->","yoast_head_json":{"title":"Hakk\u0131m\u0131zda - Pera Thai","robots":{"index":"index","follow":"follow","max-snippet":"max-snippet:-1","max-image-preview":"max-image-preview:large","max-video-preview":"max-video-preview:-1"},"canonical":"https:\/\/www.perathai.com.tr\/en\/hakkimizda\/","og_locale":"en_US","og_type":"article","og_title":"Hakk\u0131m\u0131zda - Pera Thai","og_url":"https:\/\/www.perathai.com.tr\/en\/hakkimizda\/","og_site_name":"Pera Thai","article_publisher":"https:\/\/www.facebook.com\/PeraThai\/","article_modified_time":"2021-10-06T13:05:46+00:00","twitter_card":"summary_large_image","twitter_misc":{"Est. reading time":"1 minute"},"schema":{"@context":"https:\/\/schema.org","@graph":[{"@type":"WebPage","@id":"https:\/\/www.perathai.com.tr\/hakkimizda\/","url":"https:\/\/www.perathai.com.tr\/hakkimizda\/","name":"Hakk\u0131m\u0131zda - Pera Thai","isPartOf":{"@id":"https:\/\/www.perathai.com.tr\/#website"},"datePublished":"2019-06-18T20:08:03+00:00","dateModified":"2021-10-06T13:05:46+00:00","breadcrumb":{"@id":"https:\/\/www.perathai.com.tr\/hakkimizda\/#breadcrumb"},"inLanguage":"en-US","potentialAction":[{"@type":"ReadAction","target":["https:\/\/www.perathai.com.tr\/hakkimizda\/"]}]},{"@type":"BreadcrumbList","@id":"https:\/\/www.perathai.com.tr\/hakkimizda\/#breadcrumb","itemListElement":[{"@type":"ListItem","position":1,"name":"Ana sayfa","item":"https:\/\/www.perathai.com.tr\/"},{"@type":"ListItem","position":2,"name":"Hakk\u0131m\u0131zda"}]},{"@type":"WebSite","@id":"https:\/\/www.perathai.com.tr\/#website","url":"https:\/\/www.perathai.com.tr\/","name":"Pera Thai","description":"Kitchen of Bua Khao","publisher":{"@id":"https:\/\/www.perathai.com.tr\/#organization"},"potentialAction":[{"@type":"SearchAction","target":{"@type":"EntryPoint","urlTemplate":"https:\/\/www.perathai.com.tr\/?s={search_term_string}"},"query-input":"required name=search_term_string"}],"inLanguage":"en-US"},{"@type":"Organization","@id":"https:\/\/www.perathai.com.tr\/#organization","name":"Pera Thai","url":"https:\/\/www.perathai.com.tr\/","logo":{"@type":"ImageObject","inLanguage":"en-US","@id":"https:\/\/www.perathai.com.tr\/#\/schema\/logo\/image\/","url":"https:\/\/www.perathai.com.tr\/wp-content\/uploads\/2019\/06\/logoW-1.png","contentUrl":"https:\/\/www.perathai.com.tr\/wp-content\/uploads\/2019\/06\/logoW-1.png","width":305,"height":78,"caption":"Pera Thai"},"image":{"@id":"https:\/\/www.perathai.com.tr\/#\/schema\/logo\/image\/"},"sameAs":["https:\/\/www.facebook.com\/PeraThai\/","https:\/\/www.instagram.com\/pera_thai\/"]}]}},"_links":{"self":[{"href":"https:\/\/www.perathai.com.tr\/en\/wp-json\/wp\/v2\/pages\/878"}],"collection":[{"href":"https:\/\/www.perathai.com.tr\/en\/wp-json\/wp\/v2\/pages"}],"about":[{"href":"https:\/\/www.perathai.com.tr\/en\/wp-json\/wp\/v2\/types\/page"}],"author":[{"embeddable":true,"href":"https:\/\/www.perathai.com.tr\/en\/wp-json\/wp\/v2\/users\/1"}],"replies":[{"embeddable":true,"href":"https:\/\/www.perathai.com.tr\/en\/wp-json\/wp\/v2\/comments?post=878"}],"version-history":[{"count":22,"href":"https:\/\/www.perathai.com.tr\/en\/wp-json\/wp\/v2\/pages\/878\/revisions"}],"predecessor-version":[{"id":3543,"href":"https:\/\/www.perathai.com.tr\/en\/wp-json\/wp\/v2\/pages\/878\/revisions\/3543"}],"wp:attachment":[{"href":"https:\/\/www.perathai.com.tr\/en\/wp-json\/wp\/v2\/media?parent=878"}],"curies":[{"name":"wp","href":"https:\/\/api.w.org\/{rel}","templated":true}]}}