{"id":3879,"date":"2024-03-15T22:18:44","date_gmt":"2024-03-15T19:18:44","guid":{"rendered":"https:\/\/www.perathai.com.tr\/?post_type=product&#038;p=3879"},"modified":"2025-09-19T11:16:57","modified_gmt":"2025-09-19T08:16:57","slug":"gluten-free-13-spicy-noodle-salad","status":"publish","type":"product","link":"https:\/\/www.perathai.com.tr\/en\/online-siparis\/glutensiz\/glutensiz-salatalar\/gluten-free-13-spicy-noodle-salad\/","title":{"rendered":"GLUTEN FREE &#8211; 13. SPICY NOODLE SALAD"},"content":{"rendered":"","protected":false},"excerpt":{"rendered":"<p>Ac\u0131l\u0131 \u015feffaf noodle salatas\u0131<br \/>\nSpicy glass noodle salad with vegetables, minced chicken or shrimp <\/p>","protected":false},"featured_media":2841,"template":"","meta":[],"product_cat":[115,118],"product_tag":[],"yoast_head":"<!-- This site is optimized with the Yoast SEO plugin v20.4 - https:\/\/yoast.com\/wordpress\/plugins\/seo\/ -->\n<title>GLUTEN FREE - 13. SPICY NOODLE SALAD - Pera Thai<\/title>\n<meta name=\"robots\" content=\"index, follow, max-snippet:-1, max-image-preview:large, max-video-preview:-1\" \/>\n<link rel=\"canonical\" href=\"https:\/\/www.perathai.com.tr\/en\/online-siparis\/glutensiz\/glutensiz-salatalar\/gluten-free-13-spicy-noodle-salad\/\" \/>\n<meta property=\"og:locale\" content=\"en_US\" \/>\n<meta property=\"og:type\" content=\"article\" \/>\n<meta property=\"og:title\" content=\"GLUTEN FREE - 13. SPICY NOODLE SALAD - Pera Thai\" \/>\n<meta property=\"og:description\" content=\"Ac\u0131l\u0131 \u015feffaf noodle salatas\u0131  Spicy glass noodle salad with vegetables, minced chicken or shrimp\" \/>\n<meta property=\"og:url\" content=\"https:\/\/www.perathai.com.tr\/en\/online-siparis\/glutensiz\/glutensiz-salatalar\/gluten-free-13-spicy-noodle-salad\/\" \/>\n<meta property=\"og:site_name\" content=\"Pera Thai\" \/>\n<meta property=\"article:publisher\" content=\"https:\/\/www.facebook.com\/PeraThai\/\" \/>\n<meta property=\"article:modified_time\" content=\"2025-09-19T08:16:57+00:00\" \/>\n<meta property=\"og:image\" content=\"https:\/\/www.perathai.com.tr\/wp-content\/uploads\/2020\/10\/13.-Karidesli-Acili-Seffaf-Noodle-Salata.jpg\" \/>\n\t<meta property=\"og:image:width\" content=\"1000\" \/>\n\t<meta property=\"og:image:height\" content=\"667\" \/>\n\t<meta property=\"og:image:type\" content=\"image\/jpeg\" \/>\n<meta name=\"twitter:card\" content=\"summary_large_image\" \/>\n<script type=\"application\/ld+json\" class=\"yoast-schema-graph\">{\"@context\":\"https:\/\/schema.org\",\"@graph\":[{\"@type\":\"WebPage\",\"@id\":\"https:\/\/www.perathai.com.tr\/online-siparis\/glutensiz\/glutensiz-salatalar\/gluten-free-13-spicy-noodle-salad\/\",\"url\":\"https:\/\/www.perathai.com.tr\/online-siparis\/glutensiz\/glutensiz-salatalar\/gluten-free-13-spicy-noodle-salad\/\",\"name\":\"GLUTEN FREE - 13. SPICY NOODLE SALAD - Pera Thai\",\"isPartOf\":{\"@id\":\"https:\/\/www.perathai.com.tr\/#website\"},\"datePublished\":\"2024-03-15T19:18:44+00:00\",\"dateModified\":\"2025-09-19T08:16:57+00:00\",\"breadcrumb\":{\"@id\":\"https:\/\/www.perathai.com.tr\/online-siparis\/glutensiz\/glutensiz-salatalar\/gluten-free-13-spicy-noodle-salad\/#breadcrumb\"},\"inLanguage\":\"en-US\",\"potentialAction\":[{\"@type\":\"ReadAction\",\"target\":[\"https:\/\/www.perathai.com.tr\/online-siparis\/glutensiz\/glutensiz-salatalar\/gluten-free-13-spicy-noodle-salad\/\"]}]},{\"@type\":\"BreadcrumbList\",\"@id\":\"https:\/\/www.perathai.com.tr\/online-siparis\/glutensiz\/glutensiz-salatalar\/gluten-free-13-spicy-noodle-salad\/#breadcrumb\",\"itemListElement\":[{\"@type\":\"ListItem\",\"position\":1,\"name\":\"Ana sayfa\",\"item\":\"https:\/\/www.perathai.com.tr\/\"},{\"@type\":\"ListItem\",\"position\":2,\"name\":\"Online Sipari\u015f\",\"item\":\"https:\/\/www.perathai.com.tr\/online-siparis\/\"},{\"@type\":\"ListItem\",\"position\":3,\"name\":\"GLUTEN FREE &#8211; 13. SPICY NOODLE SALAD\"}]},{\"@type\":\"WebSite\",\"@id\":\"https:\/\/www.perathai.com.tr\/#website\",\"url\":\"https:\/\/www.perathai.com.tr\/\",\"name\":\"Pera Thai\",\"description\":\"Kitchen of Bua Khao\",\"publisher\":{\"@id\":\"https:\/\/www.perathai.com.tr\/#organization\"},\"potentialAction\":[{\"@type\":\"SearchAction\",\"target\":{\"@type\":\"EntryPoint\",\"urlTemplate\":\"https:\/\/www.perathai.com.tr\/?s={search_term_string}\"},\"query-input\":\"required name=search_term_string\"}],\"inLanguage\":\"en-US\"},{\"@type\":\"Organization\",\"@id\":\"https:\/\/www.perathai.com.tr\/#organization\",\"name\":\"Pera Thai\",\"url\":\"https:\/\/www.perathai.com.tr\/\",\"logo\":{\"@type\":\"ImageObject\",\"inLanguage\":\"en-US\",\"@id\":\"https:\/\/www.perathai.com.tr\/#\/schema\/logo\/image\/\",\"url\":\"https:\/\/www.perathai.com.tr\/wp-content\/uploads\/2019\/06\/logoW-1.png\",\"contentUrl\":\"https:\/\/www.perathai.com.tr\/wp-content\/uploads\/2019\/06\/logoW-1.png\",\"width\":305,\"height\":78,\"caption\":\"Pera Thai\"},\"image\":{\"@id\":\"https:\/\/www.perathai.com.tr\/#\/schema\/logo\/image\/\"},\"sameAs\":[\"https:\/\/www.facebook.com\/PeraThai\/\",\"https:\/\/www.instagram.com\/pera_thai\/\"]}]}<\/script>\n<!-- \/ Yoast SEO plugin. -->","yoast_head_json":{"title":"GLUTEN FREE - 13. SPICY NOODLE SALAD - Pera Thai","robots":{"index":"index","follow":"follow","max-snippet":"max-snippet:-1","max-image-preview":"max-image-preview:large","max-video-preview":"max-video-preview:-1"},"canonical":"https:\/\/www.perathai.com.tr\/en\/online-siparis\/glutensiz\/glutensiz-salatalar\/gluten-free-13-spicy-noodle-salad\/","og_locale":"en_US","og_type":"article","og_title":"GLUTEN FREE - 13. SPICY NOODLE SALAD - Pera Thai","og_description":"Ac\u0131l\u0131 \u015feffaf noodle salatas\u0131  Spicy glass noodle salad with vegetables, minced chicken or shrimp","og_url":"https:\/\/www.perathai.com.tr\/en\/online-siparis\/glutensiz\/glutensiz-salatalar\/gluten-free-13-spicy-noodle-salad\/","og_site_name":"Pera Thai","article_publisher":"https:\/\/www.facebook.com\/PeraThai\/","article_modified_time":"2025-09-19T08:16:57+00:00","og_image":[{"width":1000,"height":667,"url":"https:\/\/www.perathai.com.tr\/wp-content\/uploads\/2020\/10\/13.-Karidesli-Acili-Seffaf-Noodle-Salata.jpg","type":"image\/jpeg"}],"twitter_card":"summary_large_image","schema":{"@context":"https:\/\/schema.org","@graph":[{"@type":"WebPage","@id":"https:\/\/www.perathai.com.tr\/online-siparis\/glutensiz\/glutensiz-salatalar\/gluten-free-13-spicy-noodle-salad\/","url":"https:\/\/www.perathai.com.tr\/online-siparis\/glutensiz\/glutensiz-salatalar\/gluten-free-13-spicy-noodle-salad\/","name":"GLUTEN FREE - 13. SPICY NOODLE SALAD - Pera Thai","isPartOf":{"@id":"https:\/\/www.perathai.com.tr\/#website"},"datePublished":"2024-03-15T19:18:44+00:00","dateModified":"2025-09-19T08:16:57+00:00","breadcrumb":{"@id":"https:\/\/www.perathai.com.tr\/online-siparis\/glutensiz\/glutensiz-salatalar\/gluten-free-13-spicy-noodle-salad\/#breadcrumb"},"inLanguage":"en-US","potentialAction":[{"@type":"ReadAction","target":["https:\/\/www.perathai.com.tr\/online-siparis\/glutensiz\/glutensiz-salatalar\/gluten-free-13-spicy-noodle-salad\/"]}]},{"@type":"BreadcrumbList","@id":"https:\/\/www.perathai.com.tr\/online-siparis\/glutensiz\/glutensiz-salatalar\/gluten-free-13-spicy-noodle-salad\/#breadcrumb","itemListElement":[{"@type":"ListItem","position":1,"name":"Ana sayfa","item":"https:\/\/www.perathai.com.tr\/"},{"@type":"ListItem","position":2,"name":"Online Sipari\u015f","item":"https:\/\/www.perathai.com.tr\/online-siparis\/"},{"@type":"ListItem","position":3,"name":"GLUTEN FREE &#8211; 13. SPICY NOODLE SALAD"}]},{"@type":"WebSite","@id":"https:\/\/www.perathai.com.tr\/#website","url":"https:\/\/www.perathai.com.tr\/","name":"Pera Thai","description":"Kitchen of Bua Khao","publisher":{"@id":"https:\/\/www.perathai.com.tr\/#organization"},"potentialAction":[{"@type":"SearchAction","target":{"@type":"EntryPoint","urlTemplate":"https:\/\/www.perathai.com.tr\/?s={search_term_string}"},"query-input":"required name=search_term_string"}],"inLanguage":"en-US"},{"@type":"Organization","@id":"https:\/\/www.perathai.com.tr\/#organization","name":"Pera Thai","url":"https:\/\/www.perathai.com.tr\/","logo":{"@type":"ImageObject","inLanguage":"en-US","@id":"https:\/\/www.perathai.com.tr\/#\/schema\/logo\/image\/","url":"https:\/\/www.perathai.com.tr\/wp-content\/uploads\/2019\/06\/logoW-1.png","contentUrl":"https:\/\/www.perathai.com.tr\/wp-content\/uploads\/2019\/06\/logoW-1.png","width":305,"height":78,"caption":"Pera Thai"},"image":{"@id":"https:\/\/www.perathai.com.tr\/#\/schema\/logo\/image\/"},"sameAs":["https:\/\/www.facebook.com\/PeraThai\/","https:\/\/www.instagram.com\/pera_thai\/"]}]}},"_links":{"self":[{"href":"https:\/\/www.perathai.com.tr\/en\/wp-json\/wp\/v2\/product\/3879"}],"collection":[{"href":"https:\/\/www.perathai.com.tr\/en\/wp-json\/wp\/v2\/product"}],"about":[{"href":"https:\/\/www.perathai.com.tr\/en\/wp-json\/wp\/v2\/types\/product"}],"wp:featuredmedia":[{"embeddable":true,"href":"https:\/\/www.perathai.com.tr\/en\/wp-json\/wp\/v2\/media\/2841"}],"wp:attachment":[{"href":"https:\/\/www.perathai.com.tr\/en\/wp-json\/wp\/v2\/media?parent=3879"}],"wp:term":[{"taxonomy":"product_cat","embeddable":true,"href":"https:\/\/www.perathai.com.tr\/en\/wp-json\/wp\/v2\/product_cat?post=3879"},{"taxonomy":"product_tag","embeddable":true,"href":"https:\/\/www.perathai.com.tr\/en\/wp-json\/wp\/v2\/product_tag?post=3879"}],"curies":[{"name":"wp","href":"https:\/\/api.w.org\/{rel}","templated":true}]}}